{"id":570,"date":"2025-05-14T14:43:44","date_gmt":"2025-05-14T14:43:44","guid":{"rendered":"https:\/\/safari-piscine.fr\/?page_id=570"},"modified":"2025-05-22T09:03:24","modified_gmt":"2025-05-22T09:03:24","slug":"revetements","status":"publish","type":"page","link":"https:\/\/safari-piscine.fr\/?page_id=570","title":{"rendered":"Rev\u00eatements"},"content":{"rendered":"\t\t<div data-elementor-type=\"wp-page\" data-elementor-id=\"570\" class=\"elementor elementor-570\" data-elementor-post-type=\"page\">\n\t\t\t\t<div data-particle_enable=\"false\" data-particle-mobile-disabled=\"false\" class=\"elementor-element elementor-element-fdfee7c e-flex e-con-boxed e-con e-parent\" data-id=\"fdfee7c\" data-element_type=\"container\" data-settings=\"{&quot;background_background&quot;:&quot;classic&quot;}\">\n\t\t\t\t\t<div class=\"e-con-inner\">\n\t\t\t\t<div class=\"elementor-element elementor-element-3160b98 elementor-widget elementor-widget-heading\" data-id=\"3160b98\" data-element_type=\"widget\" data-widget_type=\"heading.default\">\n\t\t\t\t<div class=\"elementor-widget-container\">\n\t\t\t\t\t<h2 class=\"elementor-heading-title elementor-size-default\">Rev\u00eatements<\/h2>\t\t\t\t<\/div>\n\t\t\t\t<\/div>\n\t\t\t\t\t<\/div>\n\t\t\t\t<\/div>\n\t\t<div data-particle_enable=\"false\" data-particle-mobile-disabled=\"false\" class=\"elementor-element elementor-element-910b5c8 e-flex e-con-boxed e-con e-parent\" data-id=\"910b5c8\" data-element_type=\"container\">\n\t\t\t\t\t<div class=\"e-con-inner\">\n\t\t<div data-particle_enable=\"false\" data-particle-mobile-disabled=\"false\" class=\"elementor-element elementor-element-da320b8 e-con-full e-flex e-con e-child\" data-id=\"da320b8\" data-element_type=\"container\">\n\t\t\t\t<div class=\"elementor-element elementor-element-03fdac9 elementor-widget elementor-widget-image\" data-id=\"03fdac9\" data-element_type=\"widget\" data-widget_type=\"image.default\">\n\t\t\t\t<div class=\"elementor-widget-container\">\n\t\t\t\t\t\t\t\t\t\t\t\t\t\t\t<img fetchpriority=\"high\" decoding=\"async\" width=\"1024\" height=\"1024\" src=\"https:\/\/safari-piscine.fr\/wp-content\/uploads\/2025\/05\/liner-piscine.png\" class=\"attachment-full size-full wp-image-856\" alt=\"\" srcset=\"https:\/\/safari-piscine.fr\/wp-content\/uploads\/2025\/05\/liner-piscine.png 1024w, https:\/\/safari-piscine.fr\/wp-content\/uploads\/2025\/05\/liner-piscine-300x300.png 300w, https:\/\/safari-piscine.fr\/wp-content\/uploads\/2025\/05\/liner-piscine-150x150.png 150w, https:\/\/safari-piscine.fr\/wp-content\/uploads\/2025\/05\/liner-piscine-768x768.png 768w, https:\/\/safari-piscine.fr\/wp-content\/uploads\/2025\/05\/liner-piscine-700x700.png 700w, https:\/\/safari-piscine.fr\/wp-content\/uploads\/2025\/05\/liner-piscine-600x600.png 600w, https:\/\/safari-piscine.fr\/wp-content\/uploads\/2025\/05\/liner-piscine-100x100.png 100w\" sizes=\"(max-width: 1024px) 100vw, 1024px\" \/>\t\t\t\t\t\t\t\t\t\t\t\t\t\t\t<\/div>\n\t\t\t\t<\/div>\n\t\t\t\t<\/div>\n\t\t<div data-particle_enable=\"false\" data-particle-mobile-disabled=\"false\" class=\"elementor-element elementor-element-6e51256 e-con-full e-flex e-con e-child\" data-id=\"6e51256\" data-element_type=\"container\" data-settings=\"{&quot;background_background&quot;:&quot;classic&quot;}\">\n\t\t\t\t<div class=\"elementor-element elementor-element-1f288f8 elementor-widget elementor-widget-heading\" data-id=\"1f288f8\" data-element_type=\"widget\" data-widget_type=\"heading.default\">\n\t\t\t\t<div class=\"elementor-widget-container\">\n\t\t\t\t\t<h2 class=\"elementor-heading-title elementor-size-default\">Liner<\/h2>\t\t\t\t<\/div>\n\t\t\t\t<\/div>\n\t\t\t\t<div class=\"elementor-element elementor-element-ef67914 elementor-widget elementor-widget-text-editor\" data-id=\"ef67914\" data-element_type=\"widget\" data-widget_type=\"text-editor.default\">\n\t\t\t\t<div class=\"elementor-widget-container\">\n\t\t\t\t\t\t\t\t\t<p>Souple, \u00e9tanche et esth\u00e9tique, le <strong data-start=\"219\" data-end=\"239\">liner de piscine<\/strong> s\u2019adapte \u00e0 toutes les formes de bassin. Facile \u00e0 poser et disponible en plusieurs finitions, il assure une protection durable et un rendu impeccable.<\/p>\t\t\t\t\t\t\t\t<\/div>\n\t\t\t\t<\/div>\n\t\t\t\t<div class=\"elementor-element elementor-element-f26edcf elementor-align-left elementor-widget elementor-widget-button\" data-id=\"f26edcf\" data-element_type=\"widget\" data-widget_type=\"button.default\">\n\t\t\t\t<div class=\"elementor-widget-container\">\n\t\t\t\t\t\t\t\t\t<div class=\"elementor-button-wrapper\">\n\t\t\t\t\t<a class=\"elementor-button elementor-button-link elementor-size-sm\" href=\"https:\/\/safari-piscine.fr\/?product_cat=liner\">\n\t\t\t\t\t\t<span class=\"elementor-button-content-wrapper\">\n\t\t\t\t\t\t\t\t\t<span class=\"elementor-button-text\">En savoir plus +<\/span>\n\t\t\t\t\t<\/span>\n\t\t\t\t\t<\/a>\n\t\t\t\t<\/div>\n\t\t\t\t\t\t\t\t<\/div>\n\t\t\t\t<\/div>\n\t\t\t\t<\/div>\n\t\t<div data-particle_enable=\"false\" data-particle-mobile-disabled=\"false\" class=\"elementor-element elementor-element-73123bc e-con-full e-flex e-con e-child\" data-id=\"73123bc\" data-element_type=\"container\">\n\t\t\t\t<div class=\"elementor-element elementor-element-49b08db elementor-widget elementor-widget-image\" data-id=\"49b08db\" data-element_type=\"widget\" data-widget_type=\"image.default\">\n\t\t\t\t<div class=\"elementor-widget-container\">\n\t\t\t\t\t\t\t\t\t\t\t\t\t\t\t<img decoding=\"async\" width=\"1024\" height=\"1024\" src=\"https:\/\/safari-piscine.fr\/wp-content\/uploads\/2025\/05\/pvc-arme.png\" class=\"attachment-full size-full wp-image-794\" alt=\"\" srcset=\"https:\/\/safari-piscine.fr\/wp-content\/uploads\/2025\/05\/pvc-arme.png 1024w, https:\/\/safari-piscine.fr\/wp-content\/uploads\/2025\/05\/pvc-arme-300x300.png 300w, https:\/\/safari-piscine.fr\/wp-content\/uploads\/2025\/05\/pvc-arme-150x150.png 150w, https:\/\/safari-piscine.fr\/wp-content\/uploads\/2025\/05\/pvc-arme-768x768.png 768w, https:\/\/safari-piscine.fr\/wp-content\/uploads\/2025\/05\/pvc-arme-700x700.png 700w, https:\/\/safari-piscine.fr\/wp-content\/uploads\/2025\/05\/pvc-arme-600x600.png 600w, https:\/\/safari-piscine.fr\/wp-content\/uploads\/2025\/05\/pvc-arme-100x100.png 100w\" sizes=\"(max-width: 1024px) 100vw, 1024px\" \/>\t\t\t\t\t\t\t\t\t\t\t\t\t\t\t<\/div>\n\t\t\t\t<\/div>\n\t\t\t\t<\/div>\n\t\t<div data-particle_enable=\"false\" data-particle-mobile-disabled=\"false\" class=\"elementor-element elementor-element-89765b2 e-con-full e-flex e-con e-child\" data-id=\"89765b2\" data-element_type=\"container\" data-settings=\"{&quot;background_background&quot;:&quot;classic&quot;}\">\n\t\t\t\t<div class=\"elementor-element elementor-element-dcc64fe elementor-widget elementor-widget-heading\" data-id=\"dcc64fe\" data-element_type=\"widget\" data-widget_type=\"heading.default\">\n\t\t\t\t<div class=\"elementor-widget-container\">\n\t\t\t\t\t<h2 class=\"elementor-heading-title elementor-size-default\">PVC arm\u00e9<\/h2>\t\t\t\t<\/div>\n\t\t\t\t<\/div>\n\t\t\t\t<div class=\"elementor-element elementor-element-8e7537a elementor-widget elementor-widget-text-editor\" data-id=\"8e7537a\" data-element_type=\"widget\" data-widget_type=\"text-editor.default\">\n\t\t\t\t<div class=\"elementor-widget-container\">\n\t\t\t\t\t\t\t\t\t<p>Ultra r\u00e9sistant, le <strong data-start=\"435\" data-end=\"458\">rev\u00eatement PVC arm\u00e9<\/strong> est id\u00e9al pour les piscines tr\u00e8s sollicit\u00e9es ou aux formes complexes. Thermosoud\u00e9 sur place, il offre une \u00e9tanch\u00e9it\u00e9 parfaite et une grande long\u00e9vit\u00e9.<\/p>\t\t\t\t\t\t\t\t<\/div>\n\t\t\t\t<\/div>\n\t\t\t\t<div class=\"elementor-element elementor-element-3e516dd elementor-align-left elementor-widget elementor-widget-button\" data-id=\"3e516dd\" data-element_type=\"widget\" data-widget_type=\"button.default\">\n\t\t\t\t<div class=\"elementor-widget-container\">\n\t\t\t\t\t\t\t\t\t<div class=\"elementor-button-wrapper\">\n\t\t\t\t\t<a class=\"elementor-button elementor-button-link elementor-size-sm\" href=\"https:\/\/safari-piscine.fr\/?product_cat=pvc-arme\">\n\t\t\t\t\t\t<span class=\"elementor-button-content-wrapper\">\n\t\t\t\t\t\t\t\t\t<span class=\"elementor-button-text\">En savoir plus +<\/span>\n\t\t\t\t\t<\/span>\n\t\t\t\t\t<\/a>\n\t\t\t\t<\/div>\n\t\t\t\t\t\t\t\t<\/div>\n\t\t\t\t<\/div>\n\t\t\t\t<\/div>\n\t\t\t\t\t<\/div>\n\t\t\t\t<\/div>\n\t\t<div data-particle_enable=\"false\" data-particle-mobile-disabled=\"false\" class=\"elementor-element elementor-element-02bf21d e-flex e-con-boxed e-con e-parent\" data-id=\"02bf21d\" data-element_type=\"container\">\n\t\t\t\t\t<div class=\"e-con-inner\">\n\t\t<div data-particle_enable=\"false\" data-particle-mobile-disabled=\"false\" class=\"elementor-element elementor-element-15b904f e-con-full e-flex e-con e-child\" data-id=\"15b904f\" data-element_type=\"container\">\n\t\t\t\t<div class=\"elementor-element elementor-element-9326b50 elementor-widget elementor-widget-image\" data-id=\"9326b50\" data-element_type=\"widget\" data-widget_type=\"image.default\">\n\t\t\t\t<div class=\"elementor-widget-container\">\n\t\t\t\t\t\t\t\t\t\t\t\t\t\t\t<img decoding=\"async\" width=\"1024\" height=\"1536\" src=\"https:\/\/safari-piscine.fr\/wp-content\/uploads\/2025\/05\/accessoires-de-pose-piscine.png\" class=\"attachment-full size-full wp-image-797\" alt=\"\" srcset=\"https:\/\/safari-piscine.fr\/wp-content\/uploads\/2025\/05\/accessoires-de-pose-piscine.png 1024w, https:\/\/safari-piscine.fr\/wp-content\/uploads\/2025\/05\/accessoires-de-pose-piscine-200x300.png 200w, https:\/\/safari-piscine.fr\/wp-content\/uploads\/2025\/05\/accessoires-de-pose-piscine-683x1024.png 683w, https:\/\/safari-piscine.fr\/wp-content\/uploads\/2025\/05\/accessoires-de-pose-piscine-768x1152.png 768w, https:\/\/safari-piscine.fr\/wp-content\/uploads\/2025\/05\/accessoires-de-pose-piscine-600x900.png 600w\" sizes=\"(max-width: 1024px) 100vw, 1024px\" \/>\t\t\t\t\t\t\t\t\t\t\t\t\t\t\t<\/div>\n\t\t\t\t<\/div>\n\t\t\t\t<\/div>\n\t\t<div data-particle_enable=\"false\" data-particle-mobile-disabled=\"false\" class=\"elementor-element elementor-element-dbdba4b e-con-full e-flex e-con e-child\" data-id=\"dbdba4b\" data-element_type=\"container\" data-settings=\"{&quot;background_background&quot;:&quot;classic&quot;}\">\n\t\t\t\t<div class=\"elementor-element elementor-element-686d324 elementor-widget elementor-widget-heading\" data-id=\"686d324\" data-element_type=\"widget\" data-widget_type=\"heading.default\">\n\t\t\t\t<div class=\"elementor-widget-container\">\n\t\t\t\t\t<h2 class=\"elementor-heading-title elementor-size-default\">Accessoires de pose<\/h2>\t\t\t\t<\/div>\n\t\t\t\t<\/div>\n\t\t\t\t<div class=\"elementor-element elementor-element-9dbf765 elementor-widget elementor-widget-text-editor\" data-id=\"9dbf765\" data-element_type=\"widget\" data-widget_type=\"text-editor.default\">\n\t\t\t\t<div class=\"elementor-widget-container\">\n\t\t\t\t\t\t\t\t\t<p>Colles, profils, membranes\u2026 Retrouvez tous les <strong data-start=\"693\" data-end=\"741\">accessoires de pose pour rev\u00eatements piscine<\/strong>. Des \u00e9l\u00e9ments techniques essentiels pour garantir une installation fiable et durable.<\/p>\t\t\t\t\t\t\t\t<\/div>\n\t\t\t\t<\/div>\n\t\t\t\t<div class=\"elementor-element elementor-element-ac87348 elementor-align-left elementor-widget elementor-widget-button\" data-id=\"ac87348\" data-element_type=\"widget\" data-widget_type=\"button.default\">\n\t\t\t\t<div class=\"elementor-widget-container\">\n\t\t\t\t\t\t\t\t\t<div class=\"elementor-button-wrapper\">\n\t\t\t\t\t<a class=\"elementor-button elementor-button-link elementor-size-sm\" href=\"https:\/\/safari-piscine.fr\/?product_cat=accessoires-de-pose-revetements\">\n\t\t\t\t\t\t<span class=\"elementor-button-content-wrapper\">\n\t\t\t\t\t\t\t\t\t<span class=\"elementor-button-text\">En savoir plus +<\/span>\n\t\t\t\t\t<\/span>\n\t\t\t\t\t<\/a>\n\t\t\t\t<\/div>\n\t\t\t\t\t\t\t\t<\/div>\n\t\t\t\t<\/div>\n\t\t\t\t<\/div>\n\t\t<div data-particle_enable=\"false\" data-particle-mobile-disabled=\"false\" class=\"elementor-element elementor-element-ff6a9a1 e-con-full e-flex e-con e-child\" data-id=\"ff6a9a1\" data-element_type=\"container\">\n\t\t\t\t<\/div>\n\t\t<div data-particle_enable=\"false\" data-particle-mobile-disabled=\"false\" class=\"elementor-element elementor-element-8168ccd e-con-full e-flex e-con e-child\" data-id=\"8168ccd\" data-element_type=\"container\" data-settings=\"{&quot;background_background&quot;:&quot;classic&quot;}\">\n\t\t\t\t<\/div>\n\t\t\t\t\t<\/div>\n\t\t\t\t<\/div>\n\t\t<div data-particle_enable=\"false\" data-particle-mobile-disabled=\"false\" class=\"elementor-element elementor-element-7ec8f80 e-con-full e-flex e-con e-parent\" data-id=\"7ec8f80\" data-element_type=\"container\">\n\t\t<div data-particle_enable=\"false\" data-particle-mobile-disabled=\"false\" class=\"elementor-element elementor-element-21b2828 e-con-full e-flex e-con e-child\" data-id=\"21b2828\" data-element_type=\"container\" data-settings=\"{&quot;background_background&quot;:&quot;classic&quot;}\">\n\t\t\t\t<div class=\"elementor-element elementor-element-97958b9 elementor-view-default elementor-position-top elementor-mobile-position-top elementor-widget elementor-widget-icon-box\" data-id=\"97958b9\" data-element_type=\"widget\" data-widget_type=\"icon-box.default\">\n\t\t\t\t<div class=\"elementor-widget-container\">\n\t\t\t\t\t\t\t<div class=\"elementor-icon-box-wrapper\">\n\n\t\t\t\t\t\t<div class=\"elementor-icon-box-icon\">\n\t\t\t\t<a href=\"http:\/\/c\" class=\"elementor-icon\" tabindex=\"-1\" aria-label=\"Des questions ? \">\n\t\t\t\t<i aria-hidden=\"true\" class=\" icon_cursor_alt\"><\/i>\t\t\t\t<\/a>\n\t\t\t<\/div>\n\t\t\t\n\t\t\t\t\t\t<div class=\"elementor-icon-box-content\">\n\n\t\t\t\t\t\t\t\t\t<h3 class=\"elementor-icon-box-title\">\n\t\t\t\t\t\t<a href=\"http:\/\/c\" >\n\t\t\t\t\t\t\tDes questions ? \t\t\t\t\t\t<\/a>\n\t\t\t\t\t<\/h3>\n\t\t\t\t\n\t\t\t\t\t\t\t\t\t<p class=\"elementor-icon-box-description\">\n\t\t\t\t\t\tContactez-nous, un conseiller sera l\u00e0 pour r\u00e9pondre \u00e0 vos questions.\t\t\t\t\t<\/p>\n\t\t\t\t\n\t\t\t<\/div>\n\t\t\t\n\t\t<\/div>\n\t\t\t\t\t\t<\/div>\n\t\t\t\t<\/div>\n\t\t\t\t<div class=\"elementor-element elementor-element-ee95363 elementor-align-center elementor-widget elementor-widget-button\" data-id=\"ee95363\" data-element_type=\"widget\" data-widget_type=\"button.default\">\n\t\t\t\t<div class=\"elementor-widget-container\">\n\t\t\t\t\t\t\t\t\t<div class=\"elementor-button-wrapper\">\n\t\t\t\t\t<a class=\"elementor-button elementor-button-link elementor-size-sm\" href=\"https:\/\/safari-piscine.fr\/?page_id=993\">\n\t\t\t\t\t\t<span class=\"elementor-button-content-wrapper\">\n\t\t\t\t\t\t\t\t\t<span class=\"elementor-button-text\">Nous sommes \u00e0 votre \u00e9coute<\/span>\n\t\t\t\t\t<\/span>\n\t\t\t\t\t<\/a>\n\t\t\t\t<\/div>\n\t\t\t\t\t\t\t\t<\/div>\n\t\t\t\t<\/div>\n\t\t\t\t<\/div>\n\t\t<div data-particle_enable=\"false\" data-particle-mobile-disabled=\"false\" class=\"elementor-element elementor-element-8fbf769 e-con-full e-flex e-con e-child\" data-id=\"8fbf769\" data-element_type=\"container\" data-settings=\"{&quot;background_background&quot;:&quot;classic&quot;}\">\n\t\t\t\t<div class=\"elementor-element elementor-element-2b1f07e elementor-view-default elementor-position-top elementor-mobile-position-top elementor-widget elementor-widget-icon-box\" data-id=\"2b1f07e\" data-element_type=\"widget\" data-widget_type=\"icon-box.default\">\n\t\t\t\t<div class=\"elementor-widget-container\">\n\t\t\t\t\t\t\t<div class=\"elementor-icon-box-wrapper\">\n\n\t\t\t\t\t\t<div class=\"elementor-icon-box-icon\">\n\t\t\t\t<a href=\"http:\/\/c\" class=\"elementor-icon\" tabindex=\"-1\" aria-label=\"Cr\u00e9er votre compte\">\n\t\t\t\t<svg aria-hidden=\"true\" class=\"e-font-icon-svg e-fas-user-plus\" viewBox=\"0 0 640 512\" xmlns=\"http:\/\/www.w3.org\/2000\/svg\"><path d=\"M624 208h-64v-64c0-8.8-7.2-16-16-16h-32c-8.8 0-16 7.2-16 16v64h-64c-8.8 0-16 7.2-16 16v32c0 8.8 7.2 16 16 16h64v64c0 8.8 7.2 16 16 16h32c8.8 0 16-7.2 16-16v-64h64c8.8 0 16-7.2 16-16v-32c0-8.8-7.2-16-16-16zm-400 48c70.7 0 128-57.3 128-128S294.7 0 224 0 96 57.3 96 128s57.3 128 128 128zm89.6 32h-16.7c-22.2 10.2-46.9 16-72.9 16s-50.6-5.8-72.9-16h-16.7C60.2 288 0 348.2 0 422.4V464c0 26.5 21.5 48 48 48h352c26.5 0 48-21.5 48-48v-41.6c0-74.2-60.2-134.4-134.4-134.4z\"><\/path><\/svg>\t\t\t\t<\/a>\n\t\t\t<\/div>\n\t\t\t\n\t\t\t\t\t\t<div class=\"elementor-icon-box-content\">\n\n\t\t\t\t\t\t\t\t\t<h3 class=\"elementor-icon-box-title\">\n\t\t\t\t\t\t<a href=\"http:\/\/c\" >\n\t\t\t\t\t\t\tCr\u00e9er votre compte\t\t\t\t\t\t<\/a>\n\t\t\t\t\t<\/h3>\n\t\t\t\t\n\t\t\t\t\t\t\t\t\t<p class=\"elementor-icon-box-description\">\n\t\t\t\t\t\tCr\u00e9ez votre compte en quelques clics et acc\u00e9dez \u00e0 tous nos services.\t\t\t\t\t<\/p>\n\t\t\t\t\n\t\t\t<\/div>\n\t\t\t\n\t\t<\/div>\n\t\t\t\t\t\t<\/div>\n\t\t\t\t<\/div>\n\t\t\t\t<div class=\"elementor-element elementor-element-1af00b7 elementor-align-center elementor-widget elementor-widget-button\" data-id=\"1af00b7\" data-element_type=\"widget\" data-widget_type=\"button.default\">\n\t\t\t\t<div class=\"elementor-widget-container\">\n\t\t\t\t\t\t\t\t\t<div class=\"elementor-button-wrapper\">\n\t\t\t\t\t<a class=\"elementor-button elementor-button-link elementor-size-sm\" href=\"#\">\n\t\t\t\t\t\t<span class=\"elementor-button-content-wrapper\">\n\t\t\t\t\t\t\t\t\t<span class=\"elementor-button-text\">C'est par ici <\/span>\n\t\t\t\t\t<\/span>\n\t\t\t\t\t<\/a>\n\t\t\t\t<\/div>\n\t\t\t\t\t\t\t\t<\/div>\n\t\t\t\t<\/div>\n\t\t\t\t<\/div>\n\t\t\t\t<\/div>\n\t\t\t\t<\/div>\n\t\t","protected":false},"excerpt":{"rendered":"<p>Liner Souple, \u00e9tanche et esth\u00e9tique, le liner de piscine s\u2019adapte \u00e0 toutes les formes de bassin. Facile \u00e0 poser et disponible en plusieurs finitions, il assure une protection durable et un rendu impeccable. En savoir plus + PVC arm\u00e9 Ultra r\u00e9sistant, le rev\u00eatement PVC arm\u00e9 est id\u00e9al pour les piscines tr\u00e8s sollicit\u00e9es ou aux formes [&hellip;]<\/p>\n","protected":false},"author":2,"featured_media":0,"parent":0,"menu_order":0,"comment_status":"closed","ping_status":"closed","template":"","meta":{"footnotes":""},"class_list":["post-570","page","type-page","status-publish","hentry"],"yoast_head":"<!-- This site is optimized with the Yoast SEO plugin v26.1.1 - https:\/\/yoast.com\/wordpress\/plugins\/seo\/ -->\n<title>Rev\u00eatements - safari-piscine<\/title>\n<meta name=\"robots\" content=\"index, follow, max-snippet:-1, max-image-preview:large, max-video-preview:-1\" \/>\n<link rel=\"canonical\" href=\"https:\/\/safari-piscine.fr\/?page_id=570\" \/>\n<meta property=\"og:locale\" content=\"fr_FR\" \/>\n<meta property=\"og:type\" content=\"article\" \/>\n<meta property=\"og:title\" content=\"Rev\u00eatements - safari-piscine\" \/>\n<meta property=\"og:description\" content=\"Liner Souple, \u00e9tanche et esth\u00e9tique, le liner de piscine s\u2019adapte \u00e0 toutes les formes de bassin. Facile \u00e0 poser et disponible en plusieurs finitions, il assure une protection durable et un rendu impeccable. En savoir plus + PVC arm\u00e9 Ultra r\u00e9sistant, le rev\u00eatement PVC arm\u00e9 est id\u00e9al pour les piscines tr\u00e8s sollicit\u00e9es ou aux formes [&hellip;]\" \/>\n<meta property=\"og:url\" content=\"https:\/\/safari-piscine.fr\/?page_id=570\" \/>\n<meta property=\"og:site_name\" content=\"safari-piscine\" \/>\n<meta property=\"article:modified_time\" content=\"2025-05-22T09:03:24+00:00\" \/>\n<meta property=\"og:image\" content=\"https:\/\/safari-piscine.fr\/wp-content\/uploads\/2025\/05\/liner-piscine.png\" \/>\n\t<meta property=\"og:image:width\" content=\"800\" \/>\n\t<meta property=\"og:image:height\" content=\"800\" \/>\n\t<meta property=\"og:image:type\" content=\"image\/png\" \/>\n<meta name=\"twitter:card\" content=\"summary_large_image\" \/>\n<meta name=\"twitter:label1\" content=\"Dur\u00e9e de lecture estim\u00e9e\" \/>\n\t<meta name=\"twitter:data1\" content=\"2 minutes\" \/>\n<script type=\"application\/ld+json\" class=\"yoast-schema-graph\">{\"@context\":\"https:\/\/schema.org\",\"@graph\":[{\"@type\":\"WebPage\",\"@id\":\"https:\/\/safari-piscine.fr\/?page_id=570\",\"url\":\"https:\/\/safari-piscine.fr\/?page_id=570\",\"name\":\"Rev\u00eatements - safari-piscine\",\"isPartOf\":{\"@id\":\"https:\/\/safari-piscine.fr\/#website\"},\"primaryImageOfPage\":{\"@id\":\"https:\/\/safari-piscine.fr\/?page_id=570#primaryimage\"},\"image\":{\"@id\":\"https:\/\/safari-piscine.fr\/?page_id=570#primaryimage\"},\"thumbnailUrl\":\"https:\/\/safari-piscine.fr\/wp-content\/uploads\/2025\/05\/liner-piscine.png\",\"datePublished\":\"2025-05-14T14:43:44+00:00\",\"dateModified\":\"2025-05-22T09:03:24+00:00\",\"breadcrumb\":{\"@id\":\"https:\/\/safari-piscine.fr\/?page_id=570#breadcrumb\"},\"inLanguage\":\"fr-FR\",\"potentialAction\":[{\"@type\":\"ReadAction\",\"target\":[\"https:\/\/safari-piscine.fr\/?page_id=570\"]}]},{\"@type\":\"ImageObject\",\"inLanguage\":\"fr-FR\",\"@id\":\"https:\/\/safari-piscine.fr\/?page_id=570#primaryimage\",\"url\":\"https:\/\/safari-piscine.fr\/wp-content\/uploads\/2025\/05\/liner-piscine.png\",\"contentUrl\":\"https:\/\/safari-piscine.fr\/wp-content\/uploads\/2025\/05\/liner-piscine.png\",\"width\":1024,\"height\":1024},{\"@type\":\"BreadcrumbList\",\"@id\":\"https:\/\/safari-piscine.fr\/?page_id=570#breadcrumb\",\"itemListElement\":[{\"@type\":\"ListItem\",\"position\":1,\"name\":\"Home\",\"item\":\"https:\/\/safari-piscine.fr\/\"},{\"@type\":\"ListItem\",\"position\":2,\"name\":\"Rev\u00eatements\"}]},{\"@type\":\"WebSite\",\"@id\":\"https:\/\/safari-piscine.fr\/#website\",\"url\":\"https:\/\/safari-piscine.fr\/\",\"name\":\"safari-piscine\",\"description\":\"\",\"publisher\":{\"@id\":\"https:\/\/safari-piscine.fr\/#organization\"},\"potentialAction\":[{\"@type\":\"SearchAction\",\"target\":{\"@type\":\"EntryPoint\",\"urlTemplate\":\"https:\/\/safari-piscine.fr\/?s={search_term_string}\"},\"query-input\":{\"@type\":\"PropertyValueSpecification\",\"valueRequired\":true,\"valueName\":\"search_term_string\"}}],\"inLanguage\":\"fr-FR\"},{\"@type\":\"Organization\",\"@id\":\"https:\/\/safari-piscine.fr\/#organization\",\"name\":\"safari-piscine\",\"url\":\"https:\/\/safari-piscine.fr\/\",\"logo\":{\"@type\":\"ImageObject\",\"inLanguage\":\"fr-FR\",\"@id\":\"https:\/\/safari-piscine.fr\/#\/schema\/logo\/image\/\",\"url\":\"https:\/\/safari-piscine.fr\/wp-content\/uploads\/2026\/03\/cropped-SAFARI-PISCINE.png\",\"contentUrl\":\"https:\/\/safari-piscine.fr\/wp-content\/uploads\/2026\/03\/cropped-SAFARI-PISCINE.png\",\"width\":1674,\"height\":480,\"caption\":\"safari-piscine\"},\"image\":{\"@id\":\"https:\/\/safari-piscine.fr\/#\/schema\/logo\/image\/\"}}]}<\/script>\n<!-- \/ Yoast SEO plugin. -->","yoast_head_json":{"title":"Rev\u00eatements - safari-piscine","robots":{"index":"index","follow":"follow","max-snippet":"max-snippet:-1","max-image-preview":"max-image-preview:large","max-video-preview":"max-video-preview:-1"},"canonical":"https:\/\/safari-piscine.fr\/?page_id=570","og_locale":"fr_FR","og_type":"article","og_title":"Rev\u00eatements - safari-piscine","og_description":"Liner Souple, \u00e9tanche et esth\u00e9tique, le liner de piscine s\u2019adapte \u00e0 toutes les formes de bassin. Facile \u00e0 poser et disponible en plusieurs finitions, il assure une protection durable et un rendu impeccable. En savoir plus + PVC arm\u00e9 Ultra r\u00e9sistant, le rev\u00eatement PVC arm\u00e9 est id\u00e9al pour les piscines tr\u00e8s sollicit\u00e9es ou aux formes [&hellip;]","og_url":"https:\/\/safari-piscine.fr\/?page_id=570","og_site_name":"safari-piscine","article_modified_time":"2025-05-22T09:03:24+00:00","og_image":[{"url":"https:\/\/safari-piscine.fr\/wp-content\/uploads\/2025\/05\/liner-piscine.png","width":800,"height":800,"type":"image\/png"}],"twitter_card":"summary_large_image","twitter_misc":{"Dur\u00e9e de lecture estim\u00e9e":"2 minutes"},"schema":{"@context":"https:\/\/schema.org","@graph":[{"@type":"WebPage","@id":"https:\/\/safari-piscine.fr\/?page_id=570","url":"https:\/\/safari-piscine.fr\/?page_id=570","name":"Rev\u00eatements - safari-piscine","isPartOf":{"@id":"https:\/\/safari-piscine.fr\/#website"},"primaryImageOfPage":{"@id":"https:\/\/safari-piscine.fr\/?page_id=570#primaryimage"},"image":{"@id":"https:\/\/safari-piscine.fr\/?page_id=570#primaryimage"},"thumbnailUrl":"https:\/\/safari-piscine.fr\/wp-content\/uploads\/2025\/05\/liner-piscine.png","datePublished":"2025-05-14T14:43:44+00:00","dateModified":"2025-05-22T09:03:24+00:00","breadcrumb":{"@id":"https:\/\/safari-piscine.fr\/?page_id=570#breadcrumb"},"inLanguage":"fr-FR","potentialAction":[{"@type":"ReadAction","target":["https:\/\/safari-piscine.fr\/?page_id=570"]}]},{"@type":"ImageObject","inLanguage":"fr-FR","@id":"https:\/\/safari-piscine.fr\/?page_id=570#primaryimage","url":"https:\/\/safari-piscine.fr\/wp-content\/uploads\/2025\/05\/liner-piscine.png","contentUrl":"https:\/\/safari-piscine.fr\/wp-content\/uploads\/2025\/05\/liner-piscine.png","width":1024,"height":1024},{"@type":"BreadcrumbList","@id":"https:\/\/safari-piscine.fr\/?page_id=570#breadcrumb","itemListElement":[{"@type":"ListItem","position":1,"name":"Home","item":"https:\/\/safari-piscine.fr\/"},{"@type":"ListItem","position":2,"name":"Rev\u00eatements"}]},{"@type":"WebSite","@id":"https:\/\/safari-piscine.fr\/#website","url":"https:\/\/safari-piscine.fr\/","name":"safari-piscine","description":"","publisher":{"@id":"https:\/\/safari-piscine.fr\/#organization"},"potentialAction":[{"@type":"SearchAction","target":{"@type":"EntryPoint","urlTemplate":"https:\/\/safari-piscine.fr\/?s={search_term_string}"},"query-input":{"@type":"PropertyValueSpecification","valueRequired":true,"valueName":"search_term_string"}}],"inLanguage":"fr-FR"},{"@type":"Organization","@id":"https:\/\/safari-piscine.fr\/#organization","name":"safari-piscine","url":"https:\/\/safari-piscine.fr\/","logo":{"@type":"ImageObject","inLanguage":"fr-FR","@id":"https:\/\/safari-piscine.fr\/#\/schema\/logo\/image\/","url":"https:\/\/safari-piscine.fr\/wp-content\/uploads\/2026\/03\/cropped-SAFARI-PISCINE.png","contentUrl":"https:\/\/safari-piscine.fr\/wp-content\/uploads\/2026\/03\/cropped-SAFARI-PISCINE.png","width":1674,"height":480,"caption":"safari-piscine"},"image":{"@id":"https:\/\/safari-piscine.fr\/#\/schema\/logo\/image\/"}}]}},"_links":{"self":[{"href":"https:\/\/safari-piscine.fr\/index.php?rest_route=\/wp\/v2\/pages\/570","targetHints":{"allow":["GET"]}}],"collection":[{"href":"https:\/\/safari-piscine.fr\/index.php?rest_route=\/wp\/v2\/pages"}],"about":[{"href":"https:\/\/safari-piscine.fr\/index.php?rest_route=\/wp\/v2\/types\/page"}],"author":[{"embeddable":true,"href":"https:\/\/safari-piscine.fr\/index.php?rest_route=\/wp\/v2\/users\/2"}],"replies":[{"embeddable":true,"href":"https:\/\/safari-piscine.fr\/index.php?rest_route=%2Fwp%2Fv2%2Fcomments&post=570"}],"version-history":[{"count":22,"href":"https:\/\/safari-piscine.fr\/index.php?rest_route=\/wp\/v2\/pages\/570\/revisions"}],"predecessor-version":[{"id":1039,"href":"https:\/\/safari-piscine.fr\/index.php?rest_route=\/wp\/v2\/pages\/570\/revisions\/1039"}],"wp:attachment":[{"href":"https:\/\/safari-piscine.fr\/index.php?rest_route=%2Fwp%2Fv2%2Fmedia&parent=570"}],"curies":[{"name":"wp","href":"https:\/\/api.w.org\/{rel}","templated":true}]}}