{"id":976,"date":"2025-05-19T10:00:01","date_gmt":"2025-05-19T10:00:01","guid":{"rendered":"https:\/\/safari-piscine.fr\/?page_id=976"},"modified":"2025-05-19T10:01:46","modified_gmt":"2025-05-19T10:01:46","slug":"politique-cookies","status":"publish","type":"page","link":"https:\/\/safari-piscine.fr\/?page_id=976","title":{"rendered":"Politique Cookies"},"content":{"rendered":"\t\t<div data-elementor-type=\"wp-page\" data-elementor-id=\"976\" class=\"elementor elementor-976\" data-elementor-post-type=\"page\">\n\t\t\t\t<div data-particle_enable=\"false\" data-particle-mobile-disabled=\"false\" class=\"elementor-element elementor-element-77ea5d5 e-flex e-con-boxed e-con e-parent\" data-id=\"77ea5d5\" data-element_type=\"container\" data-settings=\"{&quot;background_background&quot;:&quot;classic&quot;}\">\n\t\t\t\t\t<div class=\"e-con-inner\">\n\t\t\t\t<div class=\"elementor-element elementor-element-593faf8 elementor-widget elementor-widget-heading\" data-id=\"593faf8\" data-element_type=\"widget\" data-widget_type=\"heading.default\">\n\t\t\t\t<div class=\"elementor-widget-container\">\n\t\t\t\t\t<h2 class=\"elementor-heading-title elementor-size-default\">Politique Cookies<\/h2>\t\t\t\t<\/div>\n\t\t\t\t<\/div>\n\t\t\t\t\t<\/div>\n\t\t\t\t<\/div>\n\t\t<div data-particle_enable=\"false\" data-particle-mobile-disabled=\"false\" class=\"elementor-element elementor-element-56dc4a7 e-flex e-con-boxed e-con e-parent\" data-id=\"56dc4a7\" data-element_type=\"container\">\n\t\t\t\t\t<div class=\"e-con-inner\">\n\t\t\t\t<div class=\"elementor-element elementor-element-6dbe004 elementor-widget elementor-widget-text-editor\" data-id=\"6dbe004\" data-element_type=\"widget\" data-widget_type=\"text-editor.default\">\n\t\t\t\t<div class=\"elementor-widget-container\">\n\t\t\t\t\t\t\t\t\t<h3 data-start=\"146\" data-end=\"177\">1. Qu\u2019est-ce qu\u2019un cookie ?<\/h3><p data-start=\"179\" data-end=\"293\"><span class=\"relative -mx-px my-[-0.2rem] rounded px-px py-[0.2rem] transition-colors duration-100 ease-in-out\">Un cookie est un petit fichier texte d\u00e9pos\u00e9 sur votre terminal (ordinateur, tablette, smartphone) lors de la visite d\u2019un site web.<\/span> <span class=\"relative -mx-px my-[-0.2rem] rounded px-px py-[0.2rem] transition-colors duration-100 ease-in-out\">Il permet au site de m\u00e9moriser certaines informations vous concernant, comme vos pr\u00e9f\u00e9rences ou votre panier d\u2019achat, afin d\u2019am\u00e9liorer votre exp\u00e9rience utilisateur.<\/span><\/p><h3 data-start=\"295\" data-end=\"340\">2. Utilisation des cookies sur notre site<\/h3><p data-start=\"342\" data-end=\"420\"><span class=\"relative -mx-px my-[-0.2rem] rounded px-px py-[0.2rem] transition-colors duration-100 ease-in-out\">Nous utilisons des cookies pour :<\/span><\/p><ul data-start=\"422\" data-end=\"628\"><li data-start=\"422\" data-end=\"463\"><p data-start=\"424\" data-end=\"463\"><span class=\"relative -mx-px my-[-0.2rem] rounded px-px py-[0.2rem] transition-colors duration-100 ease-in-out\">Assurer le bon fonctionnement du site (cookies techniques).<\/span><\/p><\/li><li data-start=\"464\" data-end=\"505\"><p data-start=\"466\" data-end=\"505\"><span class=\"relative -mx-px my-[-0.2rem] rounded px-px py-[0.2rem] transition-colors duration-100 ease-in-out\">M\u00e9moriser vos pr\u00e9f\u00e9rences (par exemple, langue, panier).<\/span><\/p><\/li><li data-start=\"506\" data-end=\"547\"><p data-start=\"508\" data-end=\"547\"><span class=\"relative -mx-px my-[-0.2rem] rounded px-px py-[0.2rem] transition-colors duration-100 ease-in-out\">Analyser la fr\u00e9quentation et l\u2019utilisation du site (cookies analytiques).<\/span><\/p><\/li><li data-start=\"548\" data-end=\"628\"><p data-start=\"550\" data-end=\"628\"><span class=\"relative -mx-px my-[-0.2rem] rounded px-px py-[0.2rem] transition-colors duration-100 ease-in-out\">Personnaliser les offres et publicit\u00e9s selon vos int\u00e9r\u00eats (cookies marketing).<\/span><span class=\"ms-1 inline-flex max-w-full items-center relative top-[-0.094rem] animate-[show_150ms_ease-in]\"><a class=\"flex h-4.5 overflow-hidden rounded-xl px-2 text-[0.5625em] font-medium text-token-text-secondary! bg-[#F4F4F4]! dark:bg-[#303030]! transition-colors duration-150 ease-in-out\" href=\"https:\/\/novatek-consulting.com\/la-gestion-des-cookies-exemple-concret\/?utm_source=chatgpt.com\" target=\"_blank\" rel=\"noopener\"><span class=\"relative start-0 bottom-0 flex h-full w-full items-center\"><span class=\"flex h-4 w-full items-center justify-between overflow-hidden\"><span class=\"max-w-full grow truncate overflow-hidden text-center\">Novatek Consulting<\/span><\/span><\/span><\/a><\/span><\/p><\/li><\/ul><h3 data-start=\"630\" data-end=\"649\">3. Consentement<\/h3><p data-start=\"651\" data-end=\"769\"><span class=\"relative -mx-px my-[-0.2rem] rounded px-px py-[0.2rem] transition-colors duration-100 ease-in-out\">Lors de votre premi\u00e8re visite sur notre site, un bandeau vous informe de l\u2019utilisation des cookies et vous invite \u00e0 accepter ou refuser leur utilisation.<\/span> <span class=\"relative -mx-px my-[-0.2rem] rounded px-px py-[0.2rem] transition-colors duration-100 ease-in-out\">Vous pouvez \u00e0 tout moment modifier vos pr\u00e9f\u00e9rences en cliquant sur le lien \u00ab G\u00e9rer mes cookies \u00bb disponible en bas de chaque page du site.<\/span><\/p><h3 data-start=\"771\" data-end=\"797\">4. Gestion des cookies<\/h3><p data-start=\"799\" data-end=\"917\"><span class=\"relative -mx-px my-[-0.2rem] rounded px-px py-[0.2rem] transition-colors duration-100 ease-in-out\">Vous pouvez configurer votre navigateur pour accepter ou refuser les cookies.<\/span> <span class=\"relative -mx-px my-[-0.2rem] rounded px-px py-[0.2rem] transition-colors duration-100 ease-in-out\">La d\u00e9sactivation des cookies peut toutefois limiter certaines fonctionnalit\u00e9s du site.<\/span><\/p><h3 data-start=\"919\" data-end=\"947\">5. Dur\u00e9e de conservation<\/h3><p data-start=\"949\" data-end=\"1027\"><span class=\"relative -mx-px my-[-0.2rem] rounded px-px py-[0.2rem] transition-colors duration-100 ease-in-out\">Les cookies sont conserv\u00e9s pour une dur\u00e9e maximale de 13 mois \u00e0 compter de leur d\u00e9p\u00f4t sur votre terminal.<\/span><\/p><h3 data-start=\"1029\" data-end=\"1046\">6. Vos droits<\/h3><p data-start=\"1048\" data-end=\"1166\"><span class=\"relative -mx-px my-[-0.2rem] rounded px-px py-[0.2rem] transition-colors duration-100 ease-in-out\">Conform\u00e9ment au RGPD, vous disposez d\u2019un droit d\u2019acc\u00e8s, de rectification, d\u2019opposition et de suppression des donn\u00e9es personnelles vous concernant.<\/span> <span class=\"relative -mx-px my-[-0.2rem] rounded px-px py-[0.2rem] transition-colors duration-100 ease-in-out\">Pour exercer ces droits, veuillez nous contacter \u00e0 l\u2019adresse suivante : contact@safari-piscine.fr.fr.<\/span><\/p>\t\t\t\t\t\t\t\t<\/div>\n\t\t\t\t<\/div>\n\t\t\t\t\t<\/div>\n\t\t\t\t<\/div>\n\t\t\t\t<\/div>\n\t\t","protected":false},"excerpt":{"rendered":"<p>1. Qu\u2019est-ce qu\u2019un cookie ? Un cookie est un petit fichier texte d\u00e9pos\u00e9 sur votre terminal (ordinateur, tablette, smartphone) lors de la visite d\u2019un site web. Il permet au site de m\u00e9moriser certaines informations vous concernant, comme vos pr\u00e9f\u00e9rences ou votre panier d\u2019achat, afin d\u2019am\u00e9liorer votre exp\u00e9rience utilisateur. 2. Utilisation des cookies sur notre site [&hellip;]<\/p>\n","protected":false},"author":2,"featured_media":0,"parent":0,"menu_order":0,"comment_status":"closed","ping_status":"closed","template":"","meta":{"footnotes":""},"class_list":["post-976","page","type-page","status-publish","hentry"],"yoast_head":"<!-- This site is optimized with the Yoast SEO plugin v26.1.1 - https:\/\/yoast.com\/wordpress\/plugins\/seo\/ -->\n<title>Politique Cookies - safari-piscine<\/title>\n<meta name=\"robots\" content=\"index, follow, max-snippet:-1, max-image-preview:large, max-video-preview:-1\" \/>\n<link rel=\"canonical\" href=\"https:\/\/safari-piscine.fr\/?page_id=976\" \/>\n<meta property=\"og:locale\" content=\"fr_FR\" \/>\n<meta property=\"og:type\" content=\"article\" \/>\n<meta property=\"og:title\" content=\"Politique Cookies - safari-piscine\" \/>\n<meta property=\"og:description\" content=\"1. Qu\u2019est-ce qu\u2019un cookie ? Un cookie est un petit fichier texte d\u00e9pos\u00e9 sur votre terminal (ordinateur, tablette, smartphone) lors de la visite d\u2019un site web. Il permet au site de m\u00e9moriser certaines informations vous concernant, comme vos pr\u00e9f\u00e9rences ou votre panier d\u2019achat, afin d\u2019am\u00e9liorer votre exp\u00e9rience utilisateur. 2. Utilisation des cookies sur notre site [&hellip;]\" \/>\n<meta property=\"og:url\" content=\"https:\/\/safari-piscine.fr\/?page_id=976\" \/>\n<meta property=\"og:site_name\" content=\"safari-piscine\" \/>\n<meta property=\"article:modified_time\" content=\"2025-05-19T10:01:46+00:00\" \/>\n<meta name=\"twitter:card\" content=\"summary_large_image\" \/>\n<meta name=\"twitter:label1\" content=\"Dur\u00e9e de lecture estim\u00e9e\" \/>\n\t<meta name=\"twitter:data1\" content=\"2 minutes\" \/>\n<script type=\"application\/ld+json\" class=\"yoast-schema-graph\">{\"@context\":\"https:\/\/schema.org\",\"@graph\":[{\"@type\":\"WebPage\",\"@id\":\"https:\/\/safari-piscine.fr\/?page_id=976\",\"url\":\"https:\/\/safari-piscine.fr\/?page_id=976\",\"name\":\"Politique Cookies - safari-piscine\",\"isPartOf\":{\"@id\":\"https:\/\/safari-piscine.fr\/#website\"},\"datePublished\":\"2025-05-19T10:00:01+00:00\",\"dateModified\":\"2025-05-19T10:01:46+00:00\",\"breadcrumb\":{\"@id\":\"https:\/\/safari-piscine.fr\/?page_id=976#breadcrumb\"},\"inLanguage\":\"fr-FR\",\"potentialAction\":[{\"@type\":\"ReadAction\",\"target\":[\"https:\/\/safari-piscine.fr\/?page_id=976\"]}]},{\"@type\":\"BreadcrumbList\",\"@id\":\"https:\/\/safari-piscine.fr\/?page_id=976#breadcrumb\",\"itemListElement\":[{\"@type\":\"ListItem\",\"position\":1,\"name\":\"Home\",\"item\":\"https:\/\/safari-piscine.fr\/\"},{\"@type\":\"ListItem\",\"position\":2,\"name\":\"Politique Cookies\"}]},{\"@type\":\"WebSite\",\"@id\":\"https:\/\/safari-piscine.fr\/#website\",\"url\":\"https:\/\/safari-piscine.fr\/\",\"name\":\"safari-piscine\",\"description\":\"\",\"publisher\":{\"@id\":\"https:\/\/safari-piscine.fr\/#organization\"},\"potentialAction\":[{\"@type\":\"SearchAction\",\"target\":{\"@type\":\"EntryPoint\",\"urlTemplate\":\"https:\/\/safari-piscine.fr\/?s={search_term_string}\"},\"query-input\":{\"@type\":\"PropertyValueSpecification\",\"valueRequired\":true,\"valueName\":\"search_term_string\"}}],\"inLanguage\":\"fr-FR\"},{\"@type\":\"Organization\",\"@id\":\"https:\/\/safari-piscine.fr\/#organization\",\"name\":\"safari-piscine\",\"url\":\"https:\/\/safari-piscine.fr\/\",\"logo\":{\"@type\":\"ImageObject\",\"inLanguage\":\"fr-FR\",\"@id\":\"https:\/\/safari-piscine.fr\/#\/schema\/logo\/image\/\",\"url\":\"https:\/\/safari-piscine.fr\/wp-content\/uploads\/2026\/03\/cropped-SAFARI-PISCINE.png\",\"contentUrl\":\"https:\/\/safari-piscine.fr\/wp-content\/uploads\/2026\/03\/cropped-SAFARI-PISCINE.png\",\"width\":1674,\"height\":480,\"caption\":\"safari-piscine\"},\"image\":{\"@id\":\"https:\/\/safari-piscine.fr\/#\/schema\/logo\/image\/\"}}]}<\/script>\n<!-- \/ Yoast SEO plugin. -->","yoast_head_json":{"title":"Politique Cookies - safari-piscine","robots":{"index":"index","follow":"follow","max-snippet":"max-snippet:-1","max-image-preview":"max-image-preview:large","max-video-preview":"max-video-preview:-1"},"canonical":"https:\/\/safari-piscine.fr\/?page_id=976","og_locale":"fr_FR","og_type":"article","og_title":"Politique Cookies - safari-piscine","og_description":"1. Qu\u2019est-ce qu\u2019un cookie ? Un cookie est un petit fichier texte d\u00e9pos\u00e9 sur votre terminal (ordinateur, tablette, smartphone) lors de la visite d\u2019un site web. Il permet au site de m\u00e9moriser certaines informations vous concernant, comme vos pr\u00e9f\u00e9rences ou votre panier d\u2019achat, afin d\u2019am\u00e9liorer votre exp\u00e9rience utilisateur. 2. Utilisation des cookies sur notre site [&hellip;]","og_url":"https:\/\/safari-piscine.fr\/?page_id=976","og_site_name":"safari-piscine","article_modified_time":"2025-05-19T10:01:46+00:00","twitter_card":"summary_large_image","twitter_misc":{"Dur\u00e9e de lecture estim\u00e9e":"2 minutes"},"schema":{"@context":"https:\/\/schema.org","@graph":[{"@type":"WebPage","@id":"https:\/\/safari-piscine.fr\/?page_id=976","url":"https:\/\/safari-piscine.fr\/?page_id=976","name":"Politique Cookies - safari-piscine","isPartOf":{"@id":"https:\/\/safari-piscine.fr\/#website"},"datePublished":"2025-05-19T10:00:01+00:00","dateModified":"2025-05-19T10:01:46+00:00","breadcrumb":{"@id":"https:\/\/safari-piscine.fr\/?page_id=976#breadcrumb"},"inLanguage":"fr-FR","potentialAction":[{"@type":"ReadAction","target":["https:\/\/safari-piscine.fr\/?page_id=976"]}]},{"@type":"BreadcrumbList","@id":"https:\/\/safari-piscine.fr\/?page_id=976#breadcrumb","itemListElement":[{"@type":"ListItem","position":1,"name":"Home","item":"https:\/\/safari-piscine.fr\/"},{"@type":"ListItem","position":2,"name":"Politique Cookies"}]},{"@type":"WebSite","@id":"https:\/\/safari-piscine.fr\/#website","url":"https:\/\/safari-piscine.fr\/","name":"safari-piscine","description":"","publisher":{"@id":"https:\/\/safari-piscine.fr\/#organization"},"potentialAction":[{"@type":"SearchAction","target":{"@type":"EntryPoint","urlTemplate":"https:\/\/safari-piscine.fr\/?s={search_term_string}"},"query-input":{"@type":"PropertyValueSpecification","valueRequired":true,"valueName":"search_term_string"}}],"inLanguage":"fr-FR"},{"@type":"Organization","@id":"https:\/\/safari-piscine.fr\/#organization","name":"safari-piscine","url":"https:\/\/safari-piscine.fr\/","logo":{"@type":"ImageObject","inLanguage":"fr-FR","@id":"https:\/\/safari-piscine.fr\/#\/schema\/logo\/image\/","url":"https:\/\/safari-piscine.fr\/wp-content\/uploads\/2026\/03\/cropped-SAFARI-PISCINE.png","contentUrl":"https:\/\/safari-piscine.fr\/wp-content\/uploads\/2026\/03\/cropped-SAFARI-PISCINE.png","width":1674,"height":480,"caption":"safari-piscine"},"image":{"@id":"https:\/\/safari-piscine.fr\/#\/schema\/logo\/image\/"}}]}},"_links":{"self":[{"href":"https:\/\/safari-piscine.fr\/index.php?rest_route=\/wp\/v2\/pages\/976","targetHints":{"allow":["GET"]}}],"collection":[{"href":"https:\/\/safari-piscine.fr\/index.php?rest_route=\/wp\/v2\/pages"}],"about":[{"href":"https:\/\/safari-piscine.fr\/index.php?rest_route=\/wp\/v2\/types\/page"}],"author":[{"embeddable":true,"href":"https:\/\/safari-piscine.fr\/index.php?rest_route=\/wp\/v2\/users\/2"}],"replies":[{"embeddable":true,"href":"https:\/\/safari-piscine.fr\/index.php?rest_route=%2Fwp%2Fv2%2Fcomments&post=976"}],"version-history":[{"count":7,"href":"https:\/\/safari-piscine.fr\/index.php?rest_route=\/wp\/v2\/pages\/976\/revisions"}],"predecessor-version":[{"id":983,"href":"https:\/\/safari-piscine.fr\/index.php?rest_route=\/wp\/v2\/pages\/976\/revisions\/983"}],"wp:attachment":[{"href":"https:\/\/safari-piscine.fr\/index.php?rest_route=%2Fwp%2Fv2%2Fmedia&parent=976"}],"curies":[{"name":"wp","href":"https:\/\/api.w.org\/{rel}","templated":true}]}}