{"id":984,"date":"2025-05-19T10:12:41","date_gmt":"2025-05-19T10:12:41","guid":{"rendered":"https:\/\/safari-piscine.fr\/?page_id=984"},"modified":"2025-05-19T10:17:52","modified_gmt":"2025-05-19T10:17:52","slug":"paiement-securise-2","status":"publish","type":"page","link":"https:\/\/safari-piscine.fr\/?page_id=984","title":{"rendered":"Paiement S\u00e9curis\u00e9"},"content":{"rendered":"\t\t<div data-elementor-type=\"wp-page\" data-elementor-id=\"984\" class=\"elementor elementor-984\" data-elementor-post-type=\"page\">\n\t\t\t\t<div data-particle_enable=\"false\" data-particle-mobile-disabled=\"false\" class=\"elementor-element elementor-element-77ea5d5 e-flex e-con-boxed e-con e-parent\" data-id=\"77ea5d5\" data-element_type=\"container\" data-settings=\"{&quot;background_background&quot;:&quot;classic&quot;}\">\n\t\t\t\t\t<div class=\"e-con-inner\">\n\t\t\t\t<div class=\"elementor-element elementor-element-593faf8 elementor-widget elementor-widget-heading\" data-id=\"593faf8\" data-element_type=\"widget\" data-widget_type=\"heading.default\">\n\t\t\t\t<div class=\"elementor-widget-container\">\n\t\t\t\t\t<h2 class=\"elementor-heading-title elementor-size-default\">Paiement S\u00e9curis\u00e9<\/h2>\t\t\t\t<\/div>\n\t\t\t\t<\/div>\n\t\t\t\t\t<\/div>\n\t\t\t\t<\/div>\n\t\t<div data-particle_enable=\"false\" data-particle-mobile-disabled=\"false\" class=\"elementor-element elementor-element-56dc4a7 e-flex e-con-boxed e-con e-parent\" data-id=\"56dc4a7\" data-element_type=\"container\">\n\t\t\t\t\t<div class=\"e-con-inner\">\n\t\t\t\t<div class=\"elementor-element elementor-element-6dbe004 elementor-widget elementor-widget-text-editor\" data-id=\"6dbe004\" data-element_type=\"widget\" data-widget_type=\"text-editor.default\">\n\t\t\t\t<div class=\"elementor-widget-container\">\n\t\t\t\t\t\t\t\t\t<h3 data-start=\"120\" data-end=\"160\">1. Des transactions 100 % s\u00e9curis\u00e9es<\/h3><p data-start=\"162\" data-end=\"400\">Sur notre site <em data-start=\"177\" data-end=\"192\">safari-piscine.fr<\/em>, toutes les transactions sont enti\u00e8rement s\u00e9curis\u00e9es. Nous utilisons des protocoles de chiffrement SSL (Secure Socket Layer) qui garantissent la confidentialit\u00e9 et la s\u00e9curit\u00e9 des donn\u00e9es lors de vos achats.<\/p><h3 data-start=\"402\" data-end=\"436\">2. Moyens de paiement accept\u00e9s<\/h3><p data-start=\"438\" data-end=\"519\">Nous proposons plusieurs modes de paiement pour votre confort et votre s\u00e9curit\u00e9 :<\/p><ul data-start=\"521\" data-end=\"723\"><li data-start=\"521\" data-end=\"569\"><p data-start=\"523\" data-end=\"569\">Carte bancaire (Visa, Mastercard, Carte Bleue)<\/p><\/li><li data-start=\"570\" data-end=\"615\"><p data-start=\"572\" data-end=\"615\">Paiement par virement bancaire (si propos\u00e9)<\/p><\/li><li data-start=\"616\" data-end=\"723\"><p data-start=\"618\" data-end=\"723\">Paiement en plusieurs fois (via un prestataire comme Alma, Oney ou Klarna, selon les options disponibles)<\/p><\/li><\/ul><p data-start=\"725\" data-end=\"906\">Les paiements par carte sont trait\u00e9s via une <strong data-start=\"770\" data-end=\"813\">plateforme de paiement s\u00e9curis\u00e9e agr\u00e9\u00e9e<\/strong> (ex : Stripe, PayPlug, ou autre). \u00c0 aucun moment nous n\u2019avons acc\u00e8s \u00e0 vos donn\u00e9es bancaires.<\/p><h3 data-start=\"908\" data-end=\"942\">3. Protection contre la fraude<\/h3><p data-start=\"944\" data-end=\"988\">Pour garantir la s\u00e9curit\u00e9 des transactions :<\/p><ul data-start=\"990\" data-end=\"1233\"><li data-start=\"990\" data-end=\"1059\"><p data-start=\"992\" data-end=\"1059\">Le protocole 3D Secure est utilis\u00e9 pour authentifier les paiements.<\/p><\/li><li data-start=\"1060\" data-end=\"1143\"><p data-start=\"1062\" data-end=\"1143\">Des contr\u00f4les automatiques sont effectu\u00e9s pour pr\u00e9venir les tentatives de fraude.<\/p><\/li><li data-start=\"1144\" data-end=\"1233\"><p data-start=\"1146\" data-end=\"1233\">En cas d\u2019anomalie d\u00e9tect\u00e9e, notre service client peut vous contacter pour v\u00e9rification.<\/p><\/li><\/ul><h3 data-start=\"1235\" data-end=\"1269\">4. Confidentialit\u00e9 des donn\u00e9es<\/h3><p data-start=\"1271\" data-end=\"1541\">Toutes les donn\u00e9es personnelles et de paiement sont trait\u00e9es de mani\u00e8re confidentielle, conform\u00e9ment \u00e0 notre politique de confidentialit\u00e9 et au R\u00e8glement G\u00e9n\u00e9ral sur la Protection des Donn\u00e9es (RGPD). Elles ne sont jamais partag\u00e9es ni revendues \u00e0 des tiers non autoris\u00e9s.<\/p><h3 data-start=\"1543\" data-end=\"1561\">5. Facturation<\/h3><p data-start=\"1563\" data-end=\"1692\">Une facture d\u00e9taill\u00e9e est automatiquement g\u00e9n\u00e9r\u00e9e et mise \u00e0 disposition dans votre espace client d\u00e8s la confirmation de commande.<\/p><h3 data-start=\"1694\" data-end=\"1708\">6. Contact<\/h3><p data-start=\"1710\" data-end=\"1777\">Pour toute question relative \u00e0 votre commande ou \u00e0 votre paiement :<\/p><ul data-start=\"1779\" data-end=\"1903\"><li data-start=\"1779\" data-end=\"1827\"><p data-start=\"1781\" data-end=\"1827\">Adresse e-mail : [votre adresse email support]<\/p><\/li><li data-start=\"1828\" data-end=\"1856\"><p data-start=\"1830\" data-end=\"1856\">T\u00e9l\u00e9phone : [votre num\u00e9ro]<\/p><\/li><li data-start=\"1857\" data-end=\"1903\"><p data-start=\"1859\" data-end=\"1903\">Horaires : du lundi au vendredi, de 9h \u00e0 18h<\/p><\/li><\/ul>\t\t\t\t\t\t\t\t<\/div>\n\t\t\t\t<\/div>\n\t\t\t\t\t<\/div>\n\t\t\t\t<\/div>\n\t\t\t\t<\/div>\n\t\t","protected":false},"excerpt":{"rendered":"<p>1. Des transactions 100 % s\u00e9curis\u00e9es Sur notre site safari-piscine.fr, toutes les transactions sont enti\u00e8rement s\u00e9curis\u00e9es. Nous utilisons des protocoles de chiffrement SSL (Secure Socket Layer) qui garantissent la confidentialit\u00e9 et la s\u00e9curit\u00e9 des donn\u00e9es lors de vos achats. 2. Moyens de paiement accept\u00e9s Nous proposons plusieurs modes de paiement pour votre confort et votre [&hellip;]<\/p>\n","protected":false},"author":2,"featured_media":0,"parent":0,"menu_order":0,"comment_status":"closed","ping_status":"closed","template":"","meta":{"footnotes":""},"class_list":["post-984","page","type-page","status-publish","hentry"],"yoast_head":"<!-- This site is optimized with the Yoast SEO plugin v26.1.1 - https:\/\/yoast.com\/wordpress\/plugins\/seo\/ -->\n<title>Paiement S\u00e9curis\u00e9 - safari-piscine<\/title>\n<meta name=\"robots\" content=\"index, follow, max-snippet:-1, max-image-preview:large, max-video-preview:-1\" \/>\n<link rel=\"canonical\" href=\"https:\/\/safari-piscine.fr\/?page_id=984\" \/>\n<meta property=\"og:locale\" content=\"fr_FR\" \/>\n<meta property=\"og:type\" content=\"article\" \/>\n<meta property=\"og:title\" content=\"Paiement S\u00e9curis\u00e9 - safari-piscine\" \/>\n<meta property=\"og:description\" content=\"1. Des transactions 100 % s\u00e9curis\u00e9es Sur notre site safari-piscine.fr, toutes les transactions sont enti\u00e8rement s\u00e9curis\u00e9es. Nous utilisons des protocoles de chiffrement SSL (Secure Socket Layer) qui garantissent la confidentialit\u00e9 et la s\u00e9curit\u00e9 des donn\u00e9es lors de vos achats. 2. Moyens de paiement accept\u00e9s Nous proposons plusieurs modes de paiement pour votre confort et votre [&hellip;]\" \/>\n<meta property=\"og:url\" content=\"https:\/\/safari-piscine.fr\/?page_id=984\" \/>\n<meta property=\"og:site_name\" content=\"safari-piscine\" \/>\n<meta property=\"article:modified_time\" content=\"2025-05-19T10:17:52+00:00\" \/>\n<meta name=\"twitter:card\" content=\"summary_large_image\" \/>\n<meta name=\"twitter:label1\" content=\"Dur\u00e9e de lecture estim\u00e9e\" \/>\n\t<meta name=\"twitter:data1\" content=\"2 minutes\" \/>\n<script type=\"application\/ld+json\" class=\"yoast-schema-graph\">{\"@context\":\"https:\/\/schema.org\",\"@graph\":[{\"@type\":\"WebPage\",\"@id\":\"https:\/\/safari-piscine.fr\/?page_id=984\",\"url\":\"https:\/\/safari-piscine.fr\/?page_id=984\",\"name\":\"Paiement S\u00e9curis\u00e9 - safari-piscine\",\"isPartOf\":{\"@id\":\"https:\/\/safari-piscine.fr\/#website\"},\"datePublished\":\"2025-05-19T10:12:41+00:00\",\"dateModified\":\"2025-05-19T10:17:52+00:00\",\"breadcrumb\":{\"@id\":\"https:\/\/safari-piscine.fr\/?page_id=984#breadcrumb\"},\"inLanguage\":\"fr-FR\",\"potentialAction\":[{\"@type\":\"ReadAction\",\"target\":[\"https:\/\/safari-piscine.fr\/?page_id=984\"]}]},{\"@type\":\"BreadcrumbList\",\"@id\":\"https:\/\/safari-piscine.fr\/?page_id=984#breadcrumb\",\"itemListElement\":[{\"@type\":\"ListItem\",\"position\":1,\"name\":\"Home\",\"item\":\"https:\/\/safari-piscine.fr\/\"},{\"@type\":\"ListItem\",\"position\":2,\"name\":\"Paiement S\u00e9curis\u00e9\"}]},{\"@type\":\"WebSite\",\"@id\":\"https:\/\/safari-piscine.fr\/#website\",\"url\":\"https:\/\/safari-piscine.fr\/\",\"name\":\"safari-piscine\",\"description\":\"\",\"publisher\":{\"@id\":\"https:\/\/safari-piscine.fr\/#organization\"},\"potentialAction\":[{\"@type\":\"SearchAction\",\"target\":{\"@type\":\"EntryPoint\",\"urlTemplate\":\"https:\/\/safari-piscine.fr\/?s={search_term_string}\"},\"query-input\":{\"@type\":\"PropertyValueSpecification\",\"valueRequired\":true,\"valueName\":\"search_term_string\"}}],\"inLanguage\":\"fr-FR\"},{\"@type\":\"Organization\",\"@id\":\"https:\/\/safari-piscine.fr\/#organization\",\"name\":\"safari-piscine\",\"url\":\"https:\/\/safari-piscine.fr\/\",\"logo\":{\"@type\":\"ImageObject\",\"inLanguage\":\"fr-FR\",\"@id\":\"https:\/\/safari-piscine.fr\/#\/schema\/logo\/image\/\",\"url\":\"https:\/\/safari-piscine.fr\/wp-content\/uploads\/2026\/03\/cropped-SAFARI-PISCINE.png\",\"contentUrl\":\"https:\/\/safari-piscine.fr\/wp-content\/uploads\/2026\/03\/cropped-SAFARI-PISCINE.png\",\"width\":1674,\"height\":480,\"caption\":\"safari-piscine\"},\"image\":{\"@id\":\"https:\/\/safari-piscine.fr\/#\/schema\/logo\/image\/\"}}]}<\/script>\n<!-- \/ Yoast SEO plugin. -->","yoast_head_json":{"title":"Paiement S\u00e9curis\u00e9 - safari-piscine","robots":{"index":"index","follow":"follow","max-snippet":"max-snippet:-1","max-image-preview":"max-image-preview:large","max-video-preview":"max-video-preview:-1"},"canonical":"https:\/\/safari-piscine.fr\/?page_id=984","og_locale":"fr_FR","og_type":"article","og_title":"Paiement S\u00e9curis\u00e9 - safari-piscine","og_description":"1. Des transactions 100 % s\u00e9curis\u00e9es Sur notre site safari-piscine.fr, toutes les transactions sont enti\u00e8rement s\u00e9curis\u00e9es. Nous utilisons des protocoles de chiffrement SSL (Secure Socket Layer) qui garantissent la confidentialit\u00e9 et la s\u00e9curit\u00e9 des donn\u00e9es lors de vos achats. 2. Moyens de paiement accept\u00e9s Nous proposons plusieurs modes de paiement pour votre confort et votre [&hellip;]","og_url":"https:\/\/safari-piscine.fr\/?page_id=984","og_site_name":"safari-piscine","article_modified_time":"2025-05-19T10:17:52+00:00","twitter_card":"summary_large_image","twitter_misc":{"Dur\u00e9e de lecture estim\u00e9e":"2 minutes"},"schema":{"@context":"https:\/\/schema.org","@graph":[{"@type":"WebPage","@id":"https:\/\/safari-piscine.fr\/?page_id=984","url":"https:\/\/safari-piscine.fr\/?page_id=984","name":"Paiement S\u00e9curis\u00e9 - safari-piscine","isPartOf":{"@id":"https:\/\/safari-piscine.fr\/#website"},"datePublished":"2025-05-19T10:12:41+00:00","dateModified":"2025-05-19T10:17:52+00:00","breadcrumb":{"@id":"https:\/\/safari-piscine.fr\/?page_id=984#breadcrumb"},"inLanguage":"fr-FR","potentialAction":[{"@type":"ReadAction","target":["https:\/\/safari-piscine.fr\/?page_id=984"]}]},{"@type":"BreadcrumbList","@id":"https:\/\/safari-piscine.fr\/?page_id=984#breadcrumb","itemListElement":[{"@type":"ListItem","position":1,"name":"Home","item":"https:\/\/safari-piscine.fr\/"},{"@type":"ListItem","position":2,"name":"Paiement S\u00e9curis\u00e9"}]},{"@type":"WebSite","@id":"https:\/\/safari-piscine.fr\/#website","url":"https:\/\/safari-piscine.fr\/","name":"safari-piscine","description":"","publisher":{"@id":"https:\/\/safari-piscine.fr\/#organization"},"potentialAction":[{"@type":"SearchAction","target":{"@type":"EntryPoint","urlTemplate":"https:\/\/safari-piscine.fr\/?s={search_term_string}"},"query-input":{"@type":"PropertyValueSpecification","valueRequired":true,"valueName":"search_term_string"}}],"inLanguage":"fr-FR"},{"@type":"Organization","@id":"https:\/\/safari-piscine.fr\/#organization","name":"safari-piscine","url":"https:\/\/safari-piscine.fr\/","logo":{"@type":"ImageObject","inLanguage":"fr-FR","@id":"https:\/\/safari-piscine.fr\/#\/schema\/logo\/image\/","url":"https:\/\/safari-piscine.fr\/wp-content\/uploads\/2026\/03\/cropped-SAFARI-PISCINE.png","contentUrl":"https:\/\/safari-piscine.fr\/wp-content\/uploads\/2026\/03\/cropped-SAFARI-PISCINE.png","width":1674,"height":480,"caption":"safari-piscine"},"image":{"@id":"https:\/\/safari-piscine.fr\/#\/schema\/logo\/image\/"}}]}},"_links":{"self":[{"href":"https:\/\/safari-piscine.fr\/index.php?rest_route=\/wp\/v2\/pages\/984","targetHints":{"allow":["GET"]}}],"collection":[{"href":"https:\/\/safari-piscine.fr\/index.php?rest_route=\/wp\/v2\/pages"}],"about":[{"href":"https:\/\/safari-piscine.fr\/index.php?rest_route=\/wp\/v2\/types\/page"}],"author":[{"embeddable":true,"href":"https:\/\/safari-piscine.fr\/index.php?rest_route=\/wp\/v2\/users\/2"}],"replies":[{"embeddable":true,"href":"https:\/\/safari-piscine.fr\/index.php?rest_route=%2Fwp%2Fv2%2Fcomments&post=984"}],"version-history":[{"count":7,"href":"https:\/\/safari-piscine.fr\/index.php?rest_route=\/wp\/v2\/pages\/984\/revisions"}],"predecessor-version":[{"id":992,"href":"https:\/\/safari-piscine.fr\/index.php?rest_route=\/wp\/v2\/pages\/984\/revisions\/992"}],"wp:attachment":[{"href":"https:\/\/safari-piscine.fr\/index.php?rest_route=%2Fwp%2Fv2%2Fmedia&parent=984"}],"curies":[{"name":"wp","href":"https:\/\/api.w.org\/{rel}","templated":true}]}}