{"id":1458,"date":"2025-10-16T10:11:34","date_gmt":"2025-10-16T10:11:34","guid":{"rendered":"https:\/\/safari-piscine.fr\/?post_type=product&#038;p=1458"},"modified":"2025-10-16T10:11:34","modified_gmt":"2025-10-16T10:11:34","slug":"volet-bali-fin-de-course-mecanique","status":"publish","type":"product","link":"https:\/\/safari-piscine.fr\/?product=volet-bali-fin-de-course-mecanique","title":{"rendered":"Volet Bali (fin de course m\u00e9canique)"},"content":{"rendered":"<p>Axe aluminium anodis\u00e9 \u00d8 167 mm + Supports enrouleur gris clair + enjoliveurs d\u00e9cors (couleurs aux choix), avec commutateur \u00e0 cl\u00e9 + Led seulement<br \/>\nc\u00f4t\u00e9 moteur + Moteur 24 V avec fin de course m\u00e9canique + Coffret 24 V \u00e9lectrique avec contact sec pour \u00e9lectrolyseur au sel + Couverture en<br \/>\nlames opaques 83 mm (couleurs au choix page 68) avec ailettes de 30 mm, boucles anti-soul\u00e8vement et sangles de couleur pour fixation \u00e0 l\u2019axe<\/p>\n<p>Prix : 2782\u20ac \u00e0 7327\u20ac (TARIFS H.T. PROFESSIONNELS) [Emballage et frais de livraison non compris]<\/p>\n<p>dimensions volet : 2.5 \u00e0 6 m de largeur et 2.5 \u00e0 12m de longueur (pas de 50cm)<\/p>\n<p>Escaliers : Finition \u00e9querre ou forme et choix escalier droit, roman ou trap\u00e8ze. Prix selon le type de lame (opaque ou polycarbonate), de finition et dimension de \u00ab\u00a0l&rsquo;encoche\u00a0\u00bb escalier (largeur, profondeur, pourcentage d&rsquo;arrondi pour ajustement).<\/p>\n<p>Choix de couleur : blanc, gris clair, gris, sable<\/p>\n<p>Option :<\/p>\n<ul>\n<li>Enjoliveurs Premium fum\u00e9es (la paire)<\/li>\n<li>application soft connect ou Commutateur d\u00e9port\u00e9 sans fil (t\u00e9l\u00e9commande physique) pour l&rsquo;ouverture et la fermeture du rideau<\/li>\n<\/ul>\n","protected":false},"excerpt":{"rendered":"<p>Axe aluminium anodis\u00e9 \u00d8 167 mm + Supports enrouleur gris clair + enjoliveurs d\u00e9cors (couleurs aux choix), avec commutateur \u00e0 cl\u00e9 + Led seulement c\u00f4t\u00e9 moteur + Moteur 24 V avec fin de course m\u00e9canique + Coffret 24 V \u00e9lectrique avec contact sec pour \u00e9lectrolyseur au sel + Couverture en lames opaques 83 mm (couleurs [&hellip;]<\/p>\n","protected":false},"featured_media":1459,"comment_status":"open","ping_status":"closed","template":"","meta":[],"product_brand":[],"product_cat":[74],"product_tag":[],"class_list":{"0":"post-1458","1":"product","2":"type-product","3":"status-publish","4":"has-post-thumbnail","6":"product_cat-volet-piscine-finition-escalier","8":"first","9":"instock","10":"shipping-taxable","11":"product-type-simple"},"yoast_head":"<!-- This site is optimized with the Yoast SEO plugin v26.1.1 - https:\/\/yoast.com\/wordpress\/plugins\/seo\/ -->\n<title>Volet Bali (fin de course m\u00e9canique) - safari-piscine<\/title>\n<meta name=\"description\" content=\"Volet Automatique Bali (fin de course m\u00e9canique) de la marque Sofatec avec ou sans finition pour les escaliers\" \/>\n<meta name=\"robots\" content=\"index, follow, max-snippet:-1, max-image-preview:large, max-video-preview:-1\" \/>\n<link rel=\"canonical\" href=\"https:\/\/safari-piscine.fr\/?product=volet-bali-fin-de-course-mecanique\" \/>\n<meta property=\"og:locale\" content=\"fr_FR\" \/>\n<meta property=\"og:type\" content=\"article\" \/>\n<meta property=\"og:title\" content=\"Volet Bali (fin de course m\u00e9canique) - safari-piscine\" \/>\n<meta property=\"og:description\" content=\"Volet Automatique Bali (fin de course m\u00e9canique) de la marque Sofatec avec ou sans finition pour les escaliers\" \/>\n<meta property=\"og:url\" content=\"https:\/\/safari-piscine.fr\/?product=volet-bali-fin-de-course-mecanique\" \/>\n<meta property=\"og:site_name\" content=\"safari-piscine\" \/>\n<meta property=\"og:image\" content=\"https:\/\/safari-piscine.fr\/wp-content\/uploads\/2025\/10\/Sofatec-2024.jpg\" \/>\n\t<meta property=\"og:image:width\" content=\"2219\" \/>\n\t<meta property=\"og:image:height\" content=\"1824\" \/>\n\t<meta property=\"og:image:type\" content=\"image\/jpeg\" \/>\n<meta name=\"twitter:card\" content=\"summary_large_image\" \/>\n<meta name=\"twitter:label1\" content=\"Dur\u00e9e de lecture estim\u00e9e\" \/>\n\t<meta name=\"twitter:data1\" content=\"2 minutes\" \/>\n<script type=\"application\/ld+json\" class=\"yoast-schema-graph\">{\"@context\":\"https:\/\/schema.org\",\"@graph\":[{\"@type\":\"WebPage\",\"@id\":\"https:\/\/safari-piscine.fr\/?product=volet-bali-fin-de-course-mecanique\",\"url\":\"https:\/\/safari-piscine.fr\/?product=volet-bali-fin-de-course-mecanique\",\"name\":\"Volet Bali (fin de course m\u00e9canique) - safari-piscine\",\"isPartOf\":{\"@id\":\"https:\/\/safari-piscine.fr\/#website\"},\"primaryImageOfPage\":{\"@id\":\"https:\/\/safari-piscine.fr\/?product=volet-bali-fin-de-course-mecanique#primaryimage\"},\"image\":{\"@id\":\"https:\/\/safari-piscine.fr\/?product=volet-bali-fin-de-course-mecanique#primaryimage\"},\"thumbnailUrl\":\"https:\/\/safari-piscine.fr\/wp-content\/uploads\/2025\/10\/Sofatec-2024.jpg\",\"datePublished\":\"2025-10-16T10:11:34+00:00\",\"description\":\"Volet Automatique Bali (fin de course m\u00e9canique) de la marque Sofatec avec ou sans finition pour les escaliers\",\"breadcrumb\":{\"@id\":\"https:\/\/safari-piscine.fr\/?product=volet-bali-fin-de-course-mecanique#breadcrumb\"},\"inLanguage\":\"fr-FR\",\"potentialAction\":[{\"@type\":\"ReadAction\",\"target\":[\"https:\/\/safari-piscine.fr\/?product=volet-bali-fin-de-course-mecanique\"]}]},{\"@type\":\"ImageObject\",\"inLanguage\":\"fr-FR\",\"@id\":\"https:\/\/safari-piscine.fr\/?product=volet-bali-fin-de-course-mecanique#primaryimage\",\"url\":\"https:\/\/safari-piscine.fr\/wp-content\/uploads\/2025\/10\/Sofatec-2024.jpg\",\"contentUrl\":\"https:\/\/safari-piscine.fr\/wp-content\/uploads\/2025\/10\/Sofatec-2024.jpg\",\"width\":2219,\"height\":1824},{\"@type\":\"BreadcrumbList\",\"@id\":\"https:\/\/safari-piscine.fr\/?product=volet-bali-fin-de-course-mecanique#breadcrumb\",\"itemListElement\":[{\"@type\":\"ListItem\",\"position\":1,\"name\":\"Home\",\"item\":\"https:\/\/safari-piscine.fr\/\"},{\"@type\":\"ListItem\",\"position\":2,\"name\":\"Boutique\",\"item\":\"https:\/\/safari-piscine.fr\/?page_id=1011\"},{\"@type\":\"ListItem\",\"position\":3,\"name\":\"Volet Bali (fin de course m\u00e9canique)\"}]},{\"@type\":\"WebSite\",\"@id\":\"https:\/\/safari-piscine.fr\/#website\",\"url\":\"https:\/\/safari-piscine.fr\/\",\"name\":\"safari-piscine\",\"description\":\"\",\"publisher\":{\"@id\":\"https:\/\/safari-piscine.fr\/#organization\"},\"potentialAction\":[{\"@type\":\"SearchAction\",\"target\":{\"@type\":\"EntryPoint\",\"urlTemplate\":\"https:\/\/safari-piscine.fr\/?s={search_term_string}\"},\"query-input\":{\"@type\":\"PropertyValueSpecification\",\"valueRequired\":true,\"valueName\":\"search_term_string\"}}],\"inLanguage\":\"fr-FR\"},{\"@type\":\"Organization\",\"@id\":\"https:\/\/safari-piscine.fr\/#organization\",\"name\":\"safari-piscine\",\"url\":\"https:\/\/safari-piscine.fr\/\",\"logo\":{\"@type\":\"ImageObject\",\"inLanguage\":\"fr-FR\",\"@id\":\"https:\/\/safari-piscine.fr\/#\/schema\/logo\/image\/\",\"url\":\"https:\/\/safari-piscine.fr\/wp-content\/uploads\/2026\/03\/cropped-SAFARI-PISCINE.png\",\"contentUrl\":\"https:\/\/safari-piscine.fr\/wp-content\/uploads\/2026\/03\/cropped-SAFARI-PISCINE.png\",\"width\":1674,\"height\":480,\"caption\":\"safari-piscine\"},\"image\":{\"@id\":\"https:\/\/safari-piscine.fr\/#\/schema\/logo\/image\/\"}}]}<\/script>\n<!-- \/ Yoast SEO plugin. -->","yoast_head_json":{"title":"Volet Bali (fin de course m\u00e9canique) - safari-piscine","description":"Volet Automatique Bali (fin de course m\u00e9canique) de la marque Sofatec avec ou sans finition pour les escaliers","robots":{"index":"index","follow":"follow","max-snippet":"max-snippet:-1","max-image-preview":"max-image-preview:large","max-video-preview":"max-video-preview:-1"},"canonical":"https:\/\/safari-piscine.fr\/?product=volet-bali-fin-de-course-mecanique","og_locale":"fr_FR","og_type":"article","og_title":"Volet Bali (fin de course m\u00e9canique) - safari-piscine","og_description":"Volet Automatique Bali (fin de course m\u00e9canique) de la marque Sofatec avec ou sans finition pour les escaliers","og_url":"https:\/\/safari-piscine.fr\/?product=volet-bali-fin-de-course-mecanique","og_site_name":"safari-piscine","og_image":[{"width":2219,"height":1824,"url":"https:\/\/safari-piscine.fr\/wp-content\/uploads\/2025\/10\/Sofatec-2024.jpg","type":"image\/jpeg"}],"twitter_card":"summary_large_image","twitter_misc":{"Dur\u00e9e de lecture estim\u00e9e":"2 minutes"},"schema":{"@context":"https:\/\/schema.org","@graph":[{"@type":"WebPage","@id":"https:\/\/safari-piscine.fr\/?product=volet-bali-fin-de-course-mecanique","url":"https:\/\/safari-piscine.fr\/?product=volet-bali-fin-de-course-mecanique","name":"Volet Bali (fin de course m\u00e9canique) - safari-piscine","isPartOf":{"@id":"https:\/\/safari-piscine.fr\/#website"},"primaryImageOfPage":{"@id":"https:\/\/safari-piscine.fr\/?product=volet-bali-fin-de-course-mecanique#primaryimage"},"image":{"@id":"https:\/\/safari-piscine.fr\/?product=volet-bali-fin-de-course-mecanique#primaryimage"},"thumbnailUrl":"https:\/\/safari-piscine.fr\/wp-content\/uploads\/2025\/10\/Sofatec-2024.jpg","datePublished":"2025-10-16T10:11:34+00:00","description":"Volet Automatique Bali (fin de course m\u00e9canique) de la marque Sofatec avec ou sans finition pour les escaliers","breadcrumb":{"@id":"https:\/\/safari-piscine.fr\/?product=volet-bali-fin-de-course-mecanique#breadcrumb"},"inLanguage":"fr-FR","potentialAction":[{"@type":"ReadAction","target":["https:\/\/safari-piscine.fr\/?product=volet-bali-fin-de-course-mecanique"]}]},{"@type":"ImageObject","inLanguage":"fr-FR","@id":"https:\/\/safari-piscine.fr\/?product=volet-bali-fin-de-course-mecanique#primaryimage","url":"https:\/\/safari-piscine.fr\/wp-content\/uploads\/2025\/10\/Sofatec-2024.jpg","contentUrl":"https:\/\/safari-piscine.fr\/wp-content\/uploads\/2025\/10\/Sofatec-2024.jpg","width":2219,"height":1824},{"@type":"BreadcrumbList","@id":"https:\/\/safari-piscine.fr\/?product=volet-bali-fin-de-course-mecanique#breadcrumb","itemListElement":[{"@type":"ListItem","position":1,"name":"Home","item":"https:\/\/safari-piscine.fr\/"},{"@type":"ListItem","position":2,"name":"Boutique","item":"https:\/\/safari-piscine.fr\/?page_id=1011"},{"@type":"ListItem","position":3,"name":"Volet Bali (fin de course m\u00e9canique)"}]},{"@type":"WebSite","@id":"https:\/\/safari-piscine.fr\/#website","url":"https:\/\/safari-piscine.fr\/","name":"safari-piscine","description":"","publisher":{"@id":"https:\/\/safari-piscine.fr\/#organization"},"potentialAction":[{"@type":"SearchAction","target":{"@type":"EntryPoint","urlTemplate":"https:\/\/safari-piscine.fr\/?s={search_term_string}"},"query-input":{"@type":"PropertyValueSpecification","valueRequired":true,"valueName":"search_term_string"}}],"inLanguage":"fr-FR"},{"@type":"Organization","@id":"https:\/\/safari-piscine.fr\/#organization","name":"safari-piscine","url":"https:\/\/safari-piscine.fr\/","logo":{"@type":"ImageObject","inLanguage":"fr-FR","@id":"https:\/\/safari-piscine.fr\/#\/schema\/logo\/image\/","url":"https:\/\/safari-piscine.fr\/wp-content\/uploads\/2026\/03\/cropped-SAFARI-PISCINE.png","contentUrl":"https:\/\/safari-piscine.fr\/wp-content\/uploads\/2026\/03\/cropped-SAFARI-PISCINE.png","width":1674,"height":480,"caption":"safari-piscine"},"image":{"@id":"https:\/\/safari-piscine.fr\/#\/schema\/logo\/image\/"}}]}},"_links":{"self":[{"href":"https:\/\/safari-piscine.fr\/index.php?rest_route=\/wp\/v2\/product\/1458","targetHints":{"allow":["GET"]}}],"collection":[{"href":"https:\/\/safari-piscine.fr\/index.php?rest_route=\/wp\/v2\/product"}],"about":[{"href":"https:\/\/safari-piscine.fr\/index.php?rest_route=\/wp\/v2\/types\/product"}],"replies":[{"embeddable":true,"href":"https:\/\/safari-piscine.fr\/index.php?rest_route=%2Fwp%2Fv2%2Fcomments&post=1458"}],"version-history":[{"count":2,"href":"https:\/\/safari-piscine.fr\/index.php?rest_route=\/wp\/v2\/product\/1458\/revisions"}],"predecessor-version":[{"id":1467,"href":"https:\/\/safari-piscine.fr\/index.php?rest_route=\/wp\/v2\/product\/1458\/revisions\/1467"}],"wp:featuredmedia":[{"embeddable":true,"href":"https:\/\/safari-piscine.fr\/index.php?rest_route=\/wp\/v2\/media\/1459"}],"wp:attachment":[{"href":"https:\/\/safari-piscine.fr\/index.php?rest_route=%2Fwp%2Fv2%2Fmedia&parent=1458"}],"wp:term":[{"taxonomy":"product_brand","embeddable":true,"href":"https:\/\/safari-piscine.fr\/index.php?rest_route=%2Fwp%2Fv2%2Fproduct_brand&post=1458"},{"taxonomy":"product_cat","embeddable":true,"href":"https:\/\/safari-piscine.fr\/index.php?rest_route=%2Fwp%2Fv2%2Fproduct_cat&post=1458"},{"taxonomy":"product_tag","embeddable":true,"href":"https:\/\/safari-piscine.fr\/index.php?rest_route=%2Fwp%2Fv2%2Fproduct_tag&post=1458"}],"curies":[{"name":"wp","href":"https:\/\/api.w.org\/{rel}","templated":true}]}}