{"id":190,"date":"2025-04-24T12:59:54","date_gmt":"2025-04-24T12:59:54","guid":{"rendered":"https:\/\/safari-piscine.fr\/?post_type=product&#038;p=190"},"modified":"2025-04-24T12:59:54","modified_gmt":"2025-04-24T12:59:54","slug":"filtre-a-sable-souffle-skypool-astral","status":"publish","type":"product","link":"https:\/\/safari-piscine.fr\/?product=filtre-a-sable-souffle-skypool-astral","title":{"rendered":"Filtre \u00e0 sable souffl\u00e9 Skypool Astral"},"content":{"rendered":"<p>Les filtres \u00e0 sable pour piscine Astral Skypool sont disponibles en plusieurs versions : top ou side. les filtres sont moul\u00e9s par soufflage en une seule pi\u00e8ce sans union, ni soudure, ce qui les rend tr\u00e8s costauds.<\/p>\n<p>&nbsp;<\/p>\n<p>Id\u00e9al pour un volume de bassin allant de 30 \u00e0 60 m3.<\/p>\n","protected":false},"excerpt":{"rendered":"<p>Les filtres \u00e0 sable pour piscine Astral Skypool sont disponibles en plusieurs versions : top ou side. les filtres sont moul\u00e9s par soufflage en une seule pi\u00e8ce sans union, ni soudure, ce qui les rend tr\u00e8s costauds. &nbsp; Id\u00e9al pour un volume de bassin allant de 30 \u00e0 60 m3.<\/p>\n","protected":false},"featured_media":191,"comment_status":"open","ping_status":"closed","template":"","meta":[],"product_brand":[],"product_cat":[53,56],"product_tag":[],"class_list":{"0":"post-190","1":"product","2":"type-product","3":"status-publish","4":"has-post-thumbnail","6":"product_cat-filtration","7":"product_cat-filtres","9":"first","10":"instock","11":"shipping-taxable","12":"purchasable","13":"product-type-simple"},"yoast_head":"<!-- This site is optimized with the Yoast SEO plugin v26.1.1 - https:\/\/yoast.com\/wordpress\/plugins\/seo\/ -->\n<title>Filtre \u00e0 sable souffl\u00e9 Skypool Astral - safari-piscine<\/title>\n<meta name=\"robots\" content=\"index, follow, max-snippet:-1, max-image-preview:large, max-video-preview:-1\" \/>\n<link rel=\"canonical\" href=\"https:\/\/safari-piscine.fr\/?product=filtre-a-sable-souffle-skypool-astral\" \/>\n<meta property=\"og:locale\" content=\"fr_FR\" \/>\n<meta property=\"og:type\" content=\"article\" \/>\n<meta property=\"og:title\" content=\"Filtre \u00e0 sable souffl\u00e9 Skypool Astral - safari-piscine\" \/>\n<meta property=\"og:description\" content=\"Les filtres \u00e0 sable pour piscine Astral Skypool sont disponibles en plusieurs versions : top ou side. les filtres sont moul\u00e9s par soufflage en une seule pi\u00e8ce sans union, ni soudure, ce qui les rend tr\u00e8s costauds. &nbsp; Id\u00e9al pour un volume de bassin allant de 30 \u00e0 60 m3.\" \/>\n<meta property=\"og:url\" content=\"https:\/\/safari-piscine.fr\/?product=filtre-a-sable-souffle-skypool-astral\" \/>\n<meta property=\"og:site_name\" content=\"safari-piscine\" \/>\n<meta property=\"og:image\" content=\"https:\/\/safari-piscine.fr\/wp-content\/uploads\/2025\/04\/filtre-sable-test.jpg\" \/>\n\t<meta property=\"og:image:width\" content=\"415\" \/>\n\t<meta property=\"og:image:height\" content=\"415\" \/>\n\t<meta property=\"og:image:type\" content=\"image\/jpeg\" \/>\n<meta name=\"twitter:card\" content=\"summary_large_image\" \/>\n<meta name=\"twitter:label1\" content=\"Dur\u00e9e de lecture estim\u00e9e\" \/>\n\t<meta name=\"twitter:data1\" content=\"1 minute\" \/>\n<script type=\"application\/ld+json\" class=\"yoast-schema-graph\">{\"@context\":\"https:\/\/schema.org\",\"@graph\":[{\"@type\":\"WebPage\",\"@id\":\"https:\/\/safari-piscine.fr\/?product=filtre-a-sable-souffle-skypool-astral\",\"url\":\"https:\/\/safari-piscine.fr\/?product=filtre-a-sable-souffle-skypool-astral\",\"name\":\"Filtre \u00e0 sable souffl\u00e9 Skypool Astral - safari-piscine\",\"isPartOf\":{\"@id\":\"https:\/\/safari-piscine.fr\/#website\"},\"primaryImageOfPage\":{\"@id\":\"https:\/\/safari-piscine.fr\/?product=filtre-a-sable-souffle-skypool-astral#primaryimage\"},\"image\":{\"@id\":\"https:\/\/safari-piscine.fr\/?product=filtre-a-sable-souffle-skypool-astral#primaryimage\"},\"thumbnailUrl\":\"https:\/\/safari-piscine.fr\/wp-content\/uploads\/2025\/04\/filtre-sable-test.jpg\",\"datePublished\":\"2025-04-24T12:59:54+00:00\",\"breadcrumb\":{\"@id\":\"https:\/\/safari-piscine.fr\/?product=filtre-a-sable-souffle-skypool-astral#breadcrumb\"},\"inLanguage\":\"fr-FR\",\"potentialAction\":[{\"@type\":\"ReadAction\",\"target\":[\"https:\/\/safari-piscine.fr\/?product=filtre-a-sable-souffle-skypool-astral\"]}]},{\"@type\":\"ImageObject\",\"inLanguage\":\"fr-FR\",\"@id\":\"https:\/\/safari-piscine.fr\/?product=filtre-a-sable-souffle-skypool-astral#primaryimage\",\"url\":\"https:\/\/safari-piscine.fr\/wp-content\/uploads\/2025\/04\/filtre-sable-test.jpg\",\"contentUrl\":\"https:\/\/safari-piscine.fr\/wp-content\/uploads\/2025\/04\/filtre-sable-test.jpg\",\"width\":415,\"height\":415},{\"@type\":\"BreadcrumbList\",\"@id\":\"https:\/\/safari-piscine.fr\/?product=filtre-a-sable-souffle-skypool-astral#breadcrumb\",\"itemListElement\":[{\"@type\":\"ListItem\",\"position\":1,\"name\":\"Home\",\"item\":\"https:\/\/safari-piscine.fr\/\"},{\"@type\":\"ListItem\",\"position\":2,\"name\":\"Boutique\",\"item\":\"https:\/\/safari-piscine.fr\/?page_id=1011\"},{\"@type\":\"ListItem\",\"position\":3,\"name\":\"Filtre \u00e0 sable souffl\u00e9 Skypool Astral\"}]},{\"@type\":\"WebSite\",\"@id\":\"https:\/\/safari-piscine.fr\/#website\",\"url\":\"https:\/\/safari-piscine.fr\/\",\"name\":\"safari-piscine\",\"description\":\"\",\"publisher\":{\"@id\":\"https:\/\/safari-piscine.fr\/#organization\"},\"potentialAction\":[{\"@type\":\"SearchAction\",\"target\":{\"@type\":\"EntryPoint\",\"urlTemplate\":\"https:\/\/safari-piscine.fr\/?s={search_term_string}\"},\"query-input\":{\"@type\":\"PropertyValueSpecification\",\"valueRequired\":true,\"valueName\":\"search_term_string\"}}],\"inLanguage\":\"fr-FR\"},{\"@type\":\"Organization\",\"@id\":\"https:\/\/safari-piscine.fr\/#organization\",\"name\":\"safari-piscine\",\"url\":\"https:\/\/safari-piscine.fr\/\",\"logo\":{\"@type\":\"ImageObject\",\"inLanguage\":\"fr-FR\",\"@id\":\"https:\/\/safari-piscine.fr\/#\/schema\/logo\/image\/\",\"url\":\"https:\/\/safari-piscine.fr\/wp-content\/uploads\/2026\/03\/cropped-SAFARI-PISCINE.png\",\"contentUrl\":\"https:\/\/safari-piscine.fr\/wp-content\/uploads\/2026\/03\/cropped-SAFARI-PISCINE.png\",\"width\":1674,\"height\":480,\"caption\":\"safari-piscine\"},\"image\":{\"@id\":\"https:\/\/safari-piscine.fr\/#\/schema\/logo\/image\/\"}}]}<\/script>\n<!-- \/ Yoast SEO plugin. -->","yoast_head_json":{"title":"Filtre \u00e0 sable souffl\u00e9 Skypool Astral - safari-piscine","robots":{"index":"index","follow":"follow","max-snippet":"max-snippet:-1","max-image-preview":"max-image-preview:large","max-video-preview":"max-video-preview:-1"},"canonical":"https:\/\/safari-piscine.fr\/?product=filtre-a-sable-souffle-skypool-astral","og_locale":"fr_FR","og_type":"article","og_title":"Filtre \u00e0 sable souffl\u00e9 Skypool Astral - safari-piscine","og_description":"Les filtres \u00e0 sable pour piscine Astral Skypool sont disponibles en plusieurs versions : top ou side. les filtres sont moul\u00e9s par soufflage en une seule pi\u00e8ce sans union, ni soudure, ce qui les rend tr\u00e8s costauds. &nbsp; Id\u00e9al pour un volume de bassin allant de 30 \u00e0 60 m3.","og_url":"https:\/\/safari-piscine.fr\/?product=filtre-a-sable-souffle-skypool-astral","og_site_name":"safari-piscine","og_image":[{"width":415,"height":415,"url":"https:\/\/safari-piscine.fr\/wp-content\/uploads\/2025\/04\/filtre-sable-test.jpg","type":"image\/jpeg"}],"twitter_card":"summary_large_image","twitter_misc":{"Dur\u00e9e de lecture estim\u00e9e":"1 minute"},"schema":{"@context":"https:\/\/schema.org","@graph":[{"@type":"WebPage","@id":"https:\/\/safari-piscine.fr\/?product=filtre-a-sable-souffle-skypool-astral","url":"https:\/\/safari-piscine.fr\/?product=filtre-a-sable-souffle-skypool-astral","name":"Filtre \u00e0 sable souffl\u00e9 Skypool Astral - safari-piscine","isPartOf":{"@id":"https:\/\/safari-piscine.fr\/#website"},"primaryImageOfPage":{"@id":"https:\/\/safari-piscine.fr\/?product=filtre-a-sable-souffle-skypool-astral#primaryimage"},"image":{"@id":"https:\/\/safari-piscine.fr\/?product=filtre-a-sable-souffle-skypool-astral#primaryimage"},"thumbnailUrl":"https:\/\/safari-piscine.fr\/wp-content\/uploads\/2025\/04\/filtre-sable-test.jpg","datePublished":"2025-04-24T12:59:54+00:00","breadcrumb":{"@id":"https:\/\/safari-piscine.fr\/?product=filtre-a-sable-souffle-skypool-astral#breadcrumb"},"inLanguage":"fr-FR","potentialAction":[{"@type":"ReadAction","target":["https:\/\/safari-piscine.fr\/?product=filtre-a-sable-souffle-skypool-astral"]}]},{"@type":"ImageObject","inLanguage":"fr-FR","@id":"https:\/\/safari-piscine.fr\/?product=filtre-a-sable-souffle-skypool-astral#primaryimage","url":"https:\/\/safari-piscine.fr\/wp-content\/uploads\/2025\/04\/filtre-sable-test.jpg","contentUrl":"https:\/\/safari-piscine.fr\/wp-content\/uploads\/2025\/04\/filtre-sable-test.jpg","width":415,"height":415},{"@type":"BreadcrumbList","@id":"https:\/\/safari-piscine.fr\/?product=filtre-a-sable-souffle-skypool-astral#breadcrumb","itemListElement":[{"@type":"ListItem","position":1,"name":"Home","item":"https:\/\/safari-piscine.fr\/"},{"@type":"ListItem","position":2,"name":"Boutique","item":"https:\/\/safari-piscine.fr\/?page_id=1011"},{"@type":"ListItem","position":3,"name":"Filtre \u00e0 sable souffl\u00e9 Skypool Astral"}]},{"@type":"WebSite","@id":"https:\/\/safari-piscine.fr\/#website","url":"https:\/\/safari-piscine.fr\/","name":"safari-piscine","description":"","publisher":{"@id":"https:\/\/safari-piscine.fr\/#organization"},"potentialAction":[{"@type":"SearchAction","target":{"@type":"EntryPoint","urlTemplate":"https:\/\/safari-piscine.fr\/?s={search_term_string}"},"query-input":{"@type":"PropertyValueSpecification","valueRequired":true,"valueName":"search_term_string"}}],"inLanguage":"fr-FR"},{"@type":"Organization","@id":"https:\/\/safari-piscine.fr\/#organization","name":"safari-piscine","url":"https:\/\/safari-piscine.fr\/","logo":{"@type":"ImageObject","inLanguage":"fr-FR","@id":"https:\/\/safari-piscine.fr\/#\/schema\/logo\/image\/","url":"https:\/\/safari-piscine.fr\/wp-content\/uploads\/2026\/03\/cropped-SAFARI-PISCINE.png","contentUrl":"https:\/\/safari-piscine.fr\/wp-content\/uploads\/2026\/03\/cropped-SAFARI-PISCINE.png","width":1674,"height":480,"caption":"safari-piscine"},"image":{"@id":"https:\/\/safari-piscine.fr\/#\/schema\/logo\/image\/"}}]}},"_links":{"self":[{"href":"https:\/\/safari-piscine.fr\/index.php?rest_route=\/wp\/v2\/product\/190","targetHints":{"allow":["GET"]}}],"collection":[{"href":"https:\/\/safari-piscine.fr\/index.php?rest_route=\/wp\/v2\/product"}],"about":[{"href":"https:\/\/safari-piscine.fr\/index.php?rest_route=\/wp\/v2\/types\/product"}],"replies":[{"embeddable":true,"href":"https:\/\/safari-piscine.fr\/index.php?rest_route=%2Fwp%2Fv2%2Fcomments&post=190"}],"version-history":[{"count":0,"href":"https:\/\/safari-piscine.fr\/index.php?rest_route=\/wp\/v2\/product\/190\/revisions"}],"wp:featuredmedia":[{"embeddable":true,"href":"https:\/\/safari-piscine.fr\/index.php?rest_route=\/wp\/v2\/media\/191"}],"wp:attachment":[{"href":"https:\/\/safari-piscine.fr\/index.php?rest_route=%2Fwp%2Fv2%2Fmedia&parent=190"}],"wp:term":[{"taxonomy":"product_brand","embeddable":true,"href":"https:\/\/safari-piscine.fr\/index.php?rest_route=%2Fwp%2Fv2%2Fproduct_brand&post=190"},{"taxonomy":"product_cat","embeddable":true,"href":"https:\/\/safari-piscine.fr\/index.php?rest_route=%2Fwp%2Fv2%2Fproduct_cat&post=190"},{"taxonomy":"product_tag","embeddable":true,"href":"https:\/\/safari-piscine.fr\/index.php?rest_route=%2Fwp%2Fv2%2Fproduct_tag&post=190"}],"curies":[{"name":"wp","href":"https:\/\/api.w.org\/{rel}","templated":true}]}}