{"id":192,"date":"2025-04-24T13:02:10","date_gmt":"2025-04-24T13:02:10","guid":{"rendered":"https:\/\/safari-piscine.fr\/?post_type=product&#038;p=192"},"modified":"2025-04-24T13:28:25","modified_gmt":"2025-04-24T13:28:25","slug":"pompe-a-chaleur-piscine-zodiac-power-inverter","status":"publish","type":"product","link":"https:\/\/safari-piscine.fr\/?product=pompe-a-chaleur-piscine-zodiac-power-inverter","title":{"rendered":"Pompe \u00e0 chaleur piscine Zodiac Power Inverter"},"content":{"rendered":"<p>La pompe \u00e0 chaleur Zodiac Power Inverter est\u00a0<strong>LA solution efficace et \u00e9conomique pour chauffer\u00a0 l&rsquo;eau de sa piscine<\/strong>\u00a0jusqu&rsquo;\u00e0 150 m<sup>3<\/sup>\u00a0(piscine enterr\u00e9e ou hors sol), quel que soit le traitement de l&rsquo;eau. Possibilit\u00e9 \u00e9galement de la refroidir (pac r\u00e9versible).<\/p>\n<ul>\n<li><strong>Efficace<\/strong>, car la\u00a0<strong>pac Zodiac Power Inverter, classe \u00e9nerg\u00e9tique \u00ab\u00a0A\u00a0\u00bb selon norme EN 17645<\/strong>, dispose d&rsquo;un Coefficient de Performance Saisonni\u00e8re (SCOP) bien sup\u00e9rieur \u00e0 la moyenne du march\u00e9. Il est sup\u00e9rieur \u00e0 8 sur toutes les d\u00e9clinaisons de la gamme, de 5 \u00e0 24 kW (classe A quand sup\u00e9rieur ou \u00e9gal \u00e0 7).<\/li>\n<li><strong>\u00c9conomique<\/strong>, car la majeure partie de l&rsquo;\u00e9nergie pour chauffer l&rsquo;eau est directement puis\u00e9e dans l&rsquo;air. Par exemple, si le Coefficient de Performance est de 5 (d\u00e9pend des conditions m\u00e9t\u00e9orologiques), alors 80% de l&rsquo;\u00e9nergie g\u00e9n\u00e9r\u00e9e par la pompe \u00e0 chaleur Zodiac Power Inverter est gratuite. La pac exploite les calories pr\u00e9sentes dans l&rsquo;air.<\/li>\n<\/ul>\n","protected":false},"excerpt":{"rendered":"<p>La pompe \u00e0 chaleur Zodiac Power Inverter est\u00a0LA solution efficace et \u00e9conomique pour chauffer\u00a0 l&rsquo;eau de sa piscine\u00a0jusqu&rsquo;\u00e0 150 m3\u00a0(piscine enterr\u00e9e ou hors sol), quel que soit le traitement de l&rsquo;eau. Possibilit\u00e9 \u00e9galement de la refroidir (pac r\u00e9versible). Efficace, car la\u00a0pac Zodiac Power Inverter, classe \u00e9nerg\u00e9tique \u00ab\u00a0A\u00a0\u00bb selon norme EN 17645, dispose d&rsquo;un Coefficient de [&hellip;]<\/p>\n","protected":false},"featured_media":193,"comment_status":"open","ping_status":"closed","template":"","meta":[],"product_brand":[25],"product_cat":[64,65],"product_tag":[],"class_list":{"0":"post-192","1":"product","2":"type-product","3":"status-publish","4":"has-post-thumbnail","6":"product_brand-zodiac","7":"product_cat-chauffage","8":"product_cat-pompe-a-chaleur","10":"first","11":"instock","12":"sale","13":"shipping-taxable","14":"purchasable","15":"product-type-simple"},"yoast_head":"<!-- This site is optimized with the Yoast SEO plugin v26.1.1 - https:\/\/yoast.com\/wordpress\/plugins\/seo\/ -->\n<title>Pompe \u00e0 chaleur piscine Zodiac Power Inverter - safari-piscine<\/title>\n<meta name=\"robots\" content=\"index, follow, max-snippet:-1, max-image-preview:large, max-video-preview:-1\" \/>\n<link rel=\"canonical\" href=\"https:\/\/safari-piscine.fr\/?product=pompe-a-chaleur-piscine-zodiac-power-inverter\" \/>\n<meta property=\"og:locale\" content=\"fr_FR\" \/>\n<meta property=\"og:type\" content=\"article\" \/>\n<meta property=\"og:title\" content=\"Pompe \u00e0 chaleur piscine Zodiac Power Inverter - safari-piscine\" \/>\n<meta property=\"og:description\" content=\"La pompe \u00e0 chaleur Zodiac Power Inverter est\u00a0LA solution efficace et \u00e9conomique pour chauffer\u00a0 l&rsquo;eau de sa piscine\u00a0jusqu&rsquo;\u00e0 150 m3\u00a0(piscine enterr\u00e9e ou hors sol), quel que soit le traitement de l&rsquo;eau. Possibilit\u00e9 \u00e9galement de la refroidir (pac r\u00e9versible). Efficace, car la\u00a0pac Zodiac Power Inverter, classe \u00e9nerg\u00e9tique \u00ab\u00a0A\u00a0\u00bb selon norme EN 17645, dispose d&rsquo;un Coefficient de [&hellip;]\" \/>\n<meta property=\"og:url\" content=\"https:\/\/safari-piscine.fr\/?product=pompe-a-chaleur-piscine-zodiac-power-inverter\" \/>\n<meta property=\"og:site_name\" content=\"safari-piscine\" \/>\n<meta property=\"article:modified_time\" content=\"2025-04-24T13:28:25+00:00\" \/>\n<meta property=\"og:image\" content=\"https:\/\/safari-piscine.fr\/wp-content\/uploads\/2025\/04\/pompe-a-chaleur-test.jpg\" \/>\n\t<meta property=\"og:image:width\" content=\"415\" \/>\n\t<meta property=\"og:image:height\" content=\"415\" \/>\n\t<meta property=\"og:image:type\" content=\"image\/jpeg\" \/>\n<meta name=\"twitter:card\" content=\"summary_large_image\" \/>\n<meta name=\"twitter:label1\" content=\"Dur\u00e9e de lecture estim\u00e9e\" \/>\n\t<meta name=\"twitter:data1\" content=\"1 minute\" \/>\n<script type=\"application\/ld+json\" class=\"yoast-schema-graph\">{\"@context\":\"https:\/\/schema.org\",\"@graph\":[{\"@type\":\"WebPage\",\"@id\":\"https:\/\/safari-piscine.fr\/?product=pompe-a-chaleur-piscine-zodiac-power-inverter\",\"url\":\"https:\/\/safari-piscine.fr\/?product=pompe-a-chaleur-piscine-zodiac-power-inverter\",\"name\":\"Pompe \u00e0 chaleur piscine Zodiac Power Inverter - safari-piscine\",\"isPartOf\":{\"@id\":\"https:\/\/safari-piscine.fr\/#website\"},\"primaryImageOfPage\":{\"@id\":\"https:\/\/safari-piscine.fr\/?product=pompe-a-chaleur-piscine-zodiac-power-inverter#primaryimage\"},\"image\":{\"@id\":\"https:\/\/safari-piscine.fr\/?product=pompe-a-chaleur-piscine-zodiac-power-inverter#primaryimage\"},\"thumbnailUrl\":\"https:\/\/safari-piscine.fr\/wp-content\/uploads\/2025\/04\/pompe-a-chaleur-test.jpg\",\"datePublished\":\"2025-04-24T13:02:10+00:00\",\"dateModified\":\"2025-04-24T13:28:25+00:00\",\"breadcrumb\":{\"@id\":\"https:\/\/safari-piscine.fr\/?product=pompe-a-chaleur-piscine-zodiac-power-inverter#breadcrumb\"},\"inLanguage\":\"fr-FR\",\"potentialAction\":[{\"@type\":\"ReadAction\",\"target\":[\"https:\/\/safari-piscine.fr\/?product=pompe-a-chaleur-piscine-zodiac-power-inverter\"]}]},{\"@type\":\"ImageObject\",\"inLanguage\":\"fr-FR\",\"@id\":\"https:\/\/safari-piscine.fr\/?product=pompe-a-chaleur-piscine-zodiac-power-inverter#primaryimage\",\"url\":\"https:\/\/safari-piscine.fr\/wp-content\/uploads\/2025\/04\/pompe-a-chaleur-test.jpg\",\"contentUrl\":\"https:\/\/safari-piscine.fr\/wp-content\/uploads\/2025\/04\/pompe-a-chaleur-test.jpg\",\"width\":415,\"height\":415},{\"@type\":\"BreadcrumbList\",\"@id\":\"https:\/\/safari-piscine.fr\/?product=pompe-a-chaleur-piscine-zodiac-power-inverter#breadcrumb\",\"itemListElement\":[{\"@type\":\"ListItem\",\"position\":1,\"name\":\"Home\",\"item\":\"https:\/\/safari-piscine.fr\/\"},{\"@type\":\"ListItem\",\"position\":2,\"name\":\"Boutique\",\"item\":\"https:\/\/safari-piscine.fr\/?page_id=1011\"},{\"@type\":\"ListItem\",\"position\":3,\"name\":\"Pompe \u00e0 chaleur piscine Zodiac Power Inverter\"}]},{\"@type\":\"WebSite\",\"@id\":\"https:\/\/safari-piscine.fr\/#website\",\"url\":\"https:\/\/safari-piscine.fr\/\",\"name\":\"safari-piscine\",\"description\":\"\",\"publisher\":{\"@id\":\"https:\/\/safari-piscine.fr\/#organization\"},\"potentialAction\":[{\"@type\":\"SearchAction\",\"target\":{\"@type\":\"EntryPoint\",\"urlTemplate\":\"https:\/\/safari-piscine.fr\/?s={search_term_string}\"},\"query-input\":{\"@type\":\"PropertyValueSpecification\",\"valueRequired\":true,\"valueName\":\"search_term_string\"}}],\"inLanguage\":\"fr-FR\"},{\"@type\":\"Organization\",\"@id\":\"https:\/\/safari-piscine.fr\/#organization\",\"name\":\"safari-piscine\",\"url\":\"https:\/\/safari-piscine.fr\/\",\"logo\":{\"@type\":\"ImageObject\",\"inLanguage\":\"fr-FR\",\"@id\":\"https:\/\/safari-piscine.fr\/#\/schema\/logo\/image\/\",\"url\":\"https:\/\/safari-piscine.fr\/wp-content\/uploads\/2026\/03\/cropped-SAFARI-PISCINE.png\",\"contentUrl\":\"https:\/\/safari-piscine.fr\/wp-content\/uploads\/2026\/03\/cropped-SAFARI-PISCINE.png\",\"width\":1674,\"height\":480,\"caption\":\"safari-piscine\"},\"image\":{\"@id\":\"https:\/\/safari-piscine.fr\/#\/schema\/logo\/image\/\"}}]}<\/script>\n<!-- \/ Yoast SEO plugin. -->","yoast_head_json":{"title":"Pompe \u00e0 chaleur piscine Zodiac Power Inverter - safari-piscine","robots":{"index":"index","follow":"follow","max-snippet":"max-snippet:-1","max-image-preview":"max-image-preview:large","max-video-preview":"max-video-preview:-1"},"canonical":"https:\/\/safari-piscine.fr\/?product=pompe-a-chaleur-piscine-zodiac-power-inverter","og_locale":"fr_FR","og_type":"article","og_title":"Pompe \u00e0 chaleur piscine Zodiac Power Inverter - safari-piscine","og_description":"La pompe \u00e0 chaleur Zodiac Power Inverter est\u00a0LA solution efficace et \u00e9conomique pour chauffer\u00a0 l&rsquo;eau de sa piscine\u00a0jusqu&rsquo;\u00e0 150 m3\u00a0(piscine enterr\u00e9e ou hors sol), quel que soit le traitement de l&rsquo;eau. Possibilit\u00e9 \u00e9galement de la refroidir (pac r\u00e9versible). Efficace, car la\u00a0pac Zodiac Power Inverter, classe \u00e9nerg\u00e9tique \u00ab\u00a0A\u00a0\u00bb selon norme EN 17645, dispose d&rsquo;un Coefficient de [&hellip;]","og_url":"https:\/\/safari-piscine.fr\/?product=pompe-a-chaleur-piscine-zodiac-power-inverter","og_site_name":"safari-piscine","article_modified_time":"2025-04-24T13:28:25+00:00","og_image":[{"width":415,"height":415,"url":"https:\/\/safari-piscine.fr\/wp-content\/uploads\/2025\/04\/pompe-a-chaleur-test.jpg","type":"image\/jpeg"}],"twitter_card":"summary_large_image","twitter_misc":{"Dur\u00e9e de lecture estim\u00e9e":"1 minute"},"schema":{"@context":"https:\/\/schema.org","@graph":[{"@type":"WebPage","@id":"https:\/\/safari-piscine.fr\/?product=pompe-a-chaleur-piscine-zodiac-power-inverter","url":"https:\/\/safari-piscine.fr\/?product=pompe-a-chaleur-piscine-zodiac-power-inverter","name":"Pompe \u00e0 chaleur piscine Zodiac Power Inverter - safari-piscine","isPartOf":{"@id":"https:\/\/safari-piscine.fr\/#website"},"primaryImageOfPage":{"@id":"https:\/\/safari-piscine.fr\/?product=pompe-a-chaleur-piscine-zodiac-power-inverter#primaryimage"},"image":{"@id":"https:\/\/safari-piscine.fr\/?product=pompe-a-chaleur-piscine-zodiac-power-inverter#primaryimage"},"thumbnailUrl":"https:\/\/safari-piscine.fr\/wp-content\/uploads\/2025\/04\/pompe-a-chaleur-test.jpg","datePublished":"2025-04-24T13:02:10+00:00","dateModified":"2025-04-24T13:28:25+00:00","breadcrumb":{"@id":"https:\/\/safari-piscine.fr\/?product=pompe-a-chaleur-piscine-zodiac-power-inverter#breadcrumb"},"inLanguage":"fr-FR","potentialAction":[{"@type":"ReadAction","target":["https:\/\/safari-piscine.fr\/?product=pompe-a-chaleur-piscine-zodiac-power-inverter"]}]},{"@type":"ImageObject","inLanguage":"fr-FR","@id":"https:\/\/safari-piscine.fr\/?product=pompe-a-chaleur-piscine-zodiac-power-inverter#primaryimage","url":"https:\/\/safari-piscine.fr\/wp-content\/uploads\/2025\/04\/pompe-a-chaleur-test.jpg","contentUrl":"https:\/\/safari-piscine.fr\/wp-content\/uploads\/2025\/04\/pompe-a-chaleur-test.jpg","width":415,"height":415},{"@type":"BreadcrumbList","@id":"https:\/\/safari-piscine.fr\/?product=pompe-a-chaleur-piscine-zodiac-power-inverter#breadcrumb","itemListElement":[{"@type":"ListItem","position":1,"name":"Home","item":"https:\/\/safari-piscine.fr\/"},{"@type":"ListItem","position":2,"name":"Boutique","item":"https:\/\/safari-piscine.fr\/?page_id=1011"},{"@type":"ListItem","position":3,"name":"Pompe \u00e0 chaleur piscine Zodiac Power Inverter"}]},{"@type":"WebSite","@id":"https:\/\/safari-piscine.fr\/#website","url":"https:\/\/safari-piscine.fr\/","name":"safari-piscine","description":"","publisher":{"@id":"https:\/\/safari-piscine.fr\/#organization"},"potentialAction":[{"@type":"SearchAction","target":{"@type":"EntryPoint","urlTemplate":"https:\/\/safari-piscine.fr\/?s={search_term_string}"},"query-input":{"@type":"PropertyValueSpecification","valueRequired":true,"valueName":"search_term_string"}}],"inLanguage":"fr-FR"},{"@type":"Organization","@id":"https:\/\/safari-piscine.fr\/#organization","name":"safari-piscine","url":"https:\/\/safari-piscine.fr\/","logo":{"@type":"ImageObject","inLanguage":"fr-FR","@id":"https:\/\/safari-piscine.fr\/#\/schema\/logo\/image\/","url":"https:\/\/safari-piscine.fr\/wp-content\/uploads\/2026\/03\/cropped-SAFARI-PISCINE.png","contentUrl":"https:\/\/safari-piscine.fr\/wp-content\/uploads\/2026\/03\/cropped-SAFARI-PISCINE.png","width":1674,"height":480,"caption":"safari-piscine"},"image":{"@id":"https:\/\/safari-piscine.fr\/#\/schema\/logo\/image\/"}}]}},"_links":{"self":[{"href":"https:\/\/safari-piscine.fr\/index.php?rest_route=\/wp\/v2\/product\/192","targetHints":{"allow":["GET"]}}],"collection":[{"href":"https:\/\/safari-piscine.fr\/index.php?rest_route=\/wp\/v2\/product"}],"about":[{"href":"https:\/\/safari-piscine.fr\/index.php?rest_route=\/wp\/v2\/types\/product"}],"replies":[{"embeddable":true,"href":"https:\/\/safari-piscine.fr\/index.php?rest_route=%2Fwp%2Fv2%2Fcomments&post=192"}],"version-history":[{"count":0,"href":"https:\/\/safari-piscine.fr\/index.php?rest_route=\/wp\/v2\/product\/192\/revisions"}],"wp:featuredmedia":[{"embeddable":true,"href":"https:\/\/safari-piscine.fr\/index.php?rest_route=\/wp\/v2\/media\/193"}],"wp:attachment":[{"href":"https:\/\/safari-piscine.fr\/index.php?rest_route=%2Fwp%2Fv2%2Fmedia&parent=192"}],"wp:term":[{"taxonomy":"product_brand","embeddable":true,"href":"https:\/\/safari-piscine.fr\/index.php?rest_route=%2Fwp%2Fv2%2Fproduct_brand&post=192"},{"taxonomy":"product_cat","embeddable":true,"href":"https:\/\/safari-piscine.fr\/index.php?rest_route=%2Fwp%2Fv2%2Fproduct_cat&post=192"},{"taxonomy":"product_tag","embeddable":true,"href":"https:\/\/safari-piscine.fr\/index.php?rest_route=%2Fwp%2Fv2%2Fproduct_tag&post=192"}],"curies":[{"name":"wp","href":"https:\/\/api.w.org\/{rel}","templated":true}]}}