{"id":196,"date":"2025-04-24T13:45:12","date_gmt":"2025-04-24T13:45:12","guid":{"rendered":"https:\/\/safari-piscine.fr\/?post_type=product&#038;p=196"},"modified":"2025-04-24T13:45:13","modified_gmt":"2025-04-24T13:45:13","slug":"robot-piscine-dolphin-pool-up","status":"publish","type":"product","link":"https:\/\/safari-piscine.fr\/?product=robot-piscine-dolphin-pool-up","title":{"rendered":"Robot piscine Dolphin Pool Up"},"content":{"rendered":"<p>Le robot de piscine Dolphin Pool Up est un robot nettoyeur autonome recommand\u00e9\u00a0<strong>pour les piscines \u00e0 parois rigides jusqu&rsquo;\u00e0 8m de long<\/strong>.<\/p>\n<p>Dolphin Pool Up brosse et aspire le fond et les parois de votre piscine enterr\u00e9e ou hors sol avec une grande efficacit\u00e9. Ce robot de piscine pour fonds plats ou en pente douce est\u00a0<strong>compatible avec tout type de rev\u00eatement<\/strong>\u00a0gr\u00e2ce \u00e0 ses\u00a0<strong>brosses combin\u00e9es<\/strong>\u00a0associant performance et adh\u00e9rence.<\/p>\n<p>Petit,\u00a0<strong>l\u00e9ger<\/strong>\u00a0et dot\u00e9 de deux poign\u00e9es, le robot de piscine Dolphin Pool Up se manipule avec une grande aisance.<\/p>\n","protected":false},"excerpt":{"rendered":"<p>Le robot de piscine Dolphin Pool Up est un robot nettoyeur autonome recommand\u00e9\u00a0pour les piscines \u00e0 parois rigides jusqu&rsquo;\u00e0 8m de long. Dolphin Pool Up brosse et aspire le fond et les parois de votre piscine enterr\u00e9e ou hors sol avec une grande efficacit\u00e9. Ce robot de piscine pour fonds plats ou en pente douce [&hellip;]<\/p>\n","protected":false},"featured_media":197,"comment_status":"open","ping_status":"closed","template":"","meta":[],"product_brand":[],"product_cat":[78,79],"product_tag":[],"class_list":{"0":"post-196","1":"product","2":"type-product","3":"status-publish","4":"has-post-thumbnail","6":"product_cat-nettoyage","7":"product_cat-robot-electrique","9":"first","10":"instock","11":"sale","12":"shipping-taxable","13":"purchasable","14":"product-type-simple"},"yoast_head":"<!-- This site is optimized with the Yoast SEO plugin v26.1.1 - https:\/\/yoast.com\/wordpress\/plugins\/seo\/ -->\n<title>Robot piscine Dolphin Pool Up - safari-piscine<\/title>\n<meta name=\"robots\" content=\"index, follow, max-snippet:-1, max-image-preview:large, max-video-preview:-1\" \/>\n<link rel=\"canonical\" href=\"https:\/\/safari-piscine.fr\/?product=robot-piscine-dolphin-pool-up\" \/>\n<meta property=\"og:locale\" content=\"fr_FR\" \/>\n<meta property=\"og:type\" content=\"article\" \/>\n<meta property=\"og:title\" content=\"Robot piscine Dolphin Pool Up - safari-piscine\" \/>\n<meta property=\"og:description\" content=\"Le robot de piscine Dolphin Pool Up est un robot nettoyeur autonome recommand\u00e9\u00a0pour les piscines \u00e0 parois rigides jusqu&rsquo;\u00e0 8m de long. Dolphin Pool Up brosse et aspire le fond et les parois de votre piscine enterr\u00e9e ou hors sol avec une grande efficacit\u00e9. Ce robot de piscine pour fonds plats ou en pente douce [&hellip;]\" \/>\n<meta property=\"og:url\" content=\"https:\/\/safari-piscine.fr\/?product=robot-piscine-dolphin-pool-up\" \/>\n<meta property=\"og:site_name\" content=\"safari-piscine\" \/>\n<meta property=\"article:modified_time\" content=\"2025-04-24T13:45:13+00:00\" \/>\n<meta property=\"og:image\" content=\"https:\/\/safari-piscine.fr\/wp-content\/uploads\/2025\/04\/robot-test.jpg\" \/>\n\t<meta property=\"og:image:width\" content=\"415\" \/>\n\t<meta property=\"og:image:height\" content=\"415\" \/>\n\t<meta property=\"og:image:type\" content=\"image\/jpeg\" \/>\n<meta name=\"twitter:card\" content=\"summary_large_image\" \/>\n<meta name=\"twitter:label1\" content=\"Dur\u00e9e de lecture estim\u00e9e\" \/>\n\t<meta name=\"twitter:data1\" content=\"1 minute\" \/>\n<script type=\"application\/ld+json\" class=\"yoast-schema-graph\">{\"@context\":\"https:\/\/schema.org\",\"@graph\":[{\"@type\":\"WebPage\",\"@id\":\"https:\/\/safari-piscine.fr\/?product=robot-piscine-dolphin-pool-up\",\"url\":\"https:\/\/safari-piscine.fr\/?product=robot-piscine-dolphin-pool-up\",\"name\":\"Robot piscine Dolphin Pool Up - safari-piscine\",\"isPartOf\":{\"@id\":\"https:\/\/safari-piscine.fr\/#website\"},\"primaryImageOfPage\":{\"@id\":\"https:\/\/safari-piscine.fr\/?product=robot-piscine-dolphin-pool-up#primaryimage\"},\"image\":{\"@id\":\"https:\/\/safari-piscine.fr\/?product=robot-piscine-dolphin-pool-up#primaryimage\"},\"thumbnailUrl\":\"https:\/\/safari-piscine.fr\/wp-content\/uploads\/2025\/04\/robot-test.jpg\",\"datePublished\":\"2025-04-24T13:45:12+00:00\",\"dateModified\":\"2025-04-24T13:45:13+00:00\",\"breadcrumb\":{\"@id\":\"https:\/\/safari-piscine.fr\/?product=robot-piscine-dolphin-pool-up#breadcrumb\"},\"inLanguage\":\"fr-FR\",\"potentialAction\":[{\"@type\":\"ReadAction\",\"target\":[\"https:\/\/safari-piscine.fr\/?product=robot-piscine-dolphin-pool-up\"]}]},{\"@type\":\"ImageObject\",\"inLanguage\":\"fr-FR\",\"@id\":\"https:\/\/safari-piscine.fr\/?product=robot-piscine-dolphin-pool-up#primaryimage\",\"url\":\"https:\/\/safari-piscine.fr\/wp-content\/uploads\/2025\/04\/robot-test.jpg\",\"contentUrl\":\"https:\/\/safari-piscine.fr\/wp-content\/uploads\/2025\/04\/robot-test.jpg\",\"width\":415,\"height\":415},{\"@type\":\"BreadcrumbList\",\"@id\":\"https:\/\/safari-piscine.fr\/?product=robot-piscine-dolphin-pool-up#breadcrumb\",\"itemListElement\":[{\"@type\":\"ListItem\",\"position\":1,\"name\":\"Home\",\"item\":\"https:\/\/safari-piscine.fr\/\"},{\"@type\":\"ListItem\",\"position\":2,\"name\":\"Boutique\",\"item\":\"https:\/\/safari-piscine.fr\/?page_id=1011\"},{\"@type\":\"ListItem\",\"position\":3,\"name\":\"Robot piscine Dolphin Pool Up\"}]},{\"@type\":\"WebSite\",\"@id\":\"https:\/\/safari-piscine.fr\/#website\",\"url\":\"https:\/\/safari-piscine.fr\/\",\"name\":\"safari-piscine\",\"description\":\"\",\"publisher\":{\"@id\":\"https:\/\/safari-piscine.fr\/#organization\"},\"potentialAction\":[{\"@type\":\"SearchAction\",\"target\":{\"@type\":\"EntryPoint\",\"urlTemplate\":\"https:\/\/safari-piscine.fr\/?s={search_term_string}\"},\"query-input\":{\"@type\":\"PropertyValueSpecification\",\"valueRequired\":true,\"valueName\":\"search_term_string\"}}],\"inLanguage\":\"fr-FR\"},{\"@type\":\"Organization\",\"@id\":\"https:\/\/safari-piscine.fr\/#organization\",\"name\":\"safari-piscine\",\"url\":\"https:\/\/safari-piscine.fr\/\",\"logo\":{\"@type\":\"ImageObject\",\"inLanguage\":\"fr-FR\",\"@id\":\"https:\/\/safari-piscine.fr\/#\/schema\/logo\/image\/\",\"url\":\"https:\/\/safari-piscine.fr\/wp-content\/uploads\/2026\/03\/cropped-SAFARI-PISCINE.png\",\"contentUrl\":\"https:\/\/safari-piscine.fr\/wp-content\/uploads\/2026\/03\/cropped-SAFARI-PISCINE.png\",\"width\":1674,\"height\":480,\"caption\":\"safari-piscine\"},\"image\":{\"@id\":\"https:\/\/safari-piscine.fr\/#\/schema\/logo\/image\/\"}}]}<\/script>\n<!-- \/ Yoast SEO plugin. -->","yoast_head_json":{"title":"Robot piscine Dolphin Pool Up - safari-piscine","robots":{"index":"index","follow":"follow","max-snippet":"max-snippet:-1","max-image-preview":"max-image-preview:large","max-video-preview":"max-video-preview:-1"},"canonical":"https:\/\/safari-piscine.fr\/?product=robot-piscine-dolphin-pool-up","og_locale":"fr_FR","og_type":"article","og_title":"Robot piscine Dolphin Pool Up - safari-piscine","og_description":"Le robot de piscine Dolphin Pool Up est un robot nettoyeur autonome recommand\u00e9\u00a0pour les piscines \u00e0 parois rigides jusqu&rsquo;\u00e0 8m de long. Dolphin Pool Up brosse et aspire le fond et les parois de votre piscine enterr\u00e9e ou hors sol avec une grande efficacit\u00e9. Ce robot de piscine pour fonds plats ou en pente douce [&hellip;]","og_url":"https:\/\/safari-piscine.fr\/?product=robot-piscine-dolphin-pool-up","og_site_name":"safari-piscine","article_modified_time":"2025-04-24T13:45:13+00:00","og_image":[{"width":415,"height":415,"url":"https:\/\/safari-piscine.fr\/wp-content\/uploads\/2025\/04\/robot-test.jpg","type":"image\/jpeg"}],"twitter_card":"summary_large_image","twitter_misc":{"Dur\u00e9e de lecture estim\u00e9e":"1 minute"},"schema":{"@context":"https:\/\/schema.org","@graph":[{"@type":"WebPage","@id":"https:\/\/safari-piscine.fr\/?product=robot-piscine-dolphin-pool-up","url":"https:\/\/safari-piscine.fr\/?product=robot-piscine-dolphin-pool-up","name":"Robot piscine Dolphin Pool Up - safari-piscine","isPartOf":{"@id":"https:\/\/safari-piscine.fr\/#website"},"primaryImageOfPage":{"@id":"https:\/\/safari-piscine.fr\/?product=robot-piscine-dolphin-pool-up#primaryimage"},"image":{"@id":"https:\/\/safari-piscine.fr\/?product=robot-piscine-dolphin-pool-up#primaryimage"},"thumbnailUrl":"https:\/\/safari-piscine.fr\/wp-content\/uploads\/2025\/04\/robot-test.jpg","datePublished":"2025-04-24T13:45:12+00:00","dateModified":"2025-04-24T13:45:13+00:00","breadcrumb":{"@id":"https:\/\/safari-piscine.fr\/?product=robot-piscine-dolphin-pool-up#breadcrumb"},"inLanguage":"fr-FR","potentialAction":[{"@type":"ReadAction","target":["https:\/\/safari-piscine.fr\/?product=robot-piscine-dolphin-pool-up"]}]},{"@type":"ImageObject","inLanguage":"fr-FR","@id":"https:\/\/safari-piscine.fr\/?product=robot-piscine-dolphin-pool-up#primaryimage","url":"https:\/\/safari-piscine.fr\/wp-content\/uploads\/2025\/04\/robot-test.jpg","contentUrl":"https:\/\/safari-piscine.fr\/wp-content\/uploads\/2025\/04\/robot-test.jpg","width":415,"height":415},{"@type":"BreadcrumbList","@id":"https:\/\/safari-piscine.fr\/?product=robot-piscine-dolphin-pool-up#breadcrumb","itemListElement":[{"@type":"ListItem","position":1,"name":"Home","item":"https:\/\/safari-piscine.fr\/"},{"@type":"ListItem","position":2,"name":"Boutique","item":"https:\/\/safari-piscine.fr\/?page_id=1011"},{"@type":"ListItem","position":3,"name":"Robot piscine Dolphin Pool Up"}]},{"@type":"WebSite","@id":"https:\/\/safari-piscine.fr\/#website","url":"https:\/\/safari-piscine.fr\/","name":"safari-piscine","description":"","publisher":{"@id":"https:\/\/safari-piscine.fr\/#organization"},"potentialAction":[{"@type":"SearchAction","target":{"@type":"EntryPoint","urlTemplate":"https:\/\/safari-piscine.fr\/?s={search_term_string}"},"query-input":{"@type":"PropertyValueSpecification","valueRequired":true,"valueName":"search_term_string"}}],"inLanguage":"fr-FR"},{"@type":"Organization","@id":"https:\/\/safari-piscine.fr\/#organization","name":"safari-piscine","url":"https:\/\/safari-piscine.fr\/","logo":{"@type":"ImageObject","inLanguage":"fr-FR","@id":"https:\/\/safari-piscine.fr\/#\/schema\/logo\/image\/","url":"https:\/\/safari-piscine.fr\/wp-content\/uploads\/2026\/03\/cropped-SAFARI-PISCINE.png","contentUrl":"https:\/\/safari-piscine.fr\/wp-content\/uploads\/2026\/03\/cropped-SAFARI-PISCINE.png","width":1674,"height":480,"caption":"safari-piscine"},"image":{"@id":"https:\/\/safari-piscine.fr\/#\/schema\/logo\/image\/"}}]}},"_links":{"self":[{"href":"https:\/\/safari-piscine.fr\/index.php?rest_route=\/wp\/v2\/product\/196","targetHints":{"allow":["GET"]}}],"collection":[{"href":"https:\/\/safari-piscine.fr\/index.php?rest_route=\/wp\/v2\/product"}],"about":[{"href":"https:\/\/safari-piscine.fr\/index.php?rest_route=\/wp\/v2\/types\/product"}],"replies":[{"embeddable":true,"href":"https:\/\/safari-piscine.fr\/index.php?rest_route=%2Fwp%2Fv2%2Fcomments&post=196"}],"version-history":[{"count":0,"href":"https:\/\/safari-piscine.fr\/index.php?rest_route=\/wp\/v2\/product\/196\/revisions"}],"wp:featuredmedia":[{"embeddable":true,"href":"https:\/\/safari-piscine.fr\/index.php?rest_route=\/wp\/v2\/media\/197"}],"wp:attachment":[{"href":"https:\/\/safari-piscine.fr\/index.php?rest_route=%2Fwp%2Fv2%2Fmedia&parent=196"}],"wp:term":[{"taxonomy":"product_brand","embeddable":true,"href":"https:\/\/safari-piscine.fr\/index.php?rest_route=%2Fwp%2Fv2%2Fproduct_brand&post=196"},{"taxonomy":"product_cat","embeddable":true,"href":"https:\/\/safari-piscine.fr\/index.php?rest_route=%2Fwp%2Fv2%2Fproduct_cat&post=196"},{"taxonomy":"product_tag","embeddable":true,"href":"https:\/\/safari-piscine.fr\/index.php?rest_route=%2Fwp%2Fv2%2Fproduct_tag&post=196"}],"curies":[{"name":"wp","href":"https:\/\/api.w.org\/{rel}","templated":true}]}}