{"id":198,"date":"2025-04-24T13:46:31","date_gmt":"2025-04-24T13:46:31","guid":{"rendered":"https:\/\/safari-piscine.fr\/?post_type=product&#038;p=198"},"modified":"2025-04-24T13:46:31","modified_gmt":"2025-04-24T13:46:31","slug":"electrolyseur-au-sel-ssc-nano-by-emaux","status":"publish","type":"product","link":"https:\/\/safari-piscine.fr\/?product=electrolyseur-au-sel-ssc-nano-by-emaux","title":{"rendered":"\u00c9lectrolyseur au sel SSC Nano by Emaux"},"content":{"rendered":"<p>Vous souhaitez b\u00e9n\u00e9ficier d&rsquo;un traitement de l&rsquo;eau plus confortable et \u00e9cologique pour votre piscine\u00a0? Vous recherchez tant l&rsquo;efficacit\u00e9 que la facilit\u00e9 d&rsquo;installation et d&rsquo;utilisation\u00a0? Alors voici ce qu&rsquo;il vous faut\u00a0: l&rsquo;<strong>\u00e9lectrolyseur au sel SSC Nano by Emaux<\/strong>.<\/p>\n<p>L&rsquo;\u00e9lectrolyseur SSC Nano, disponible en plusieurs mod\u00e8les \u00e9conomiques, s&rsquo;adapte aux\u00a0<strong>piscines priv\u00e9es enterr\u00e9es et hors sol jusqu&rsquo;\u00e0 50 m<sup>3<\/sup><\/strong>. Facile \u00e0 poser avec ses \u00e9l\u00e9ments de plomberie pratiques, vous l&rsquo;installez aussi bien sur\u00a0<strong>tuyauterie rigide \u00d850 mm<\/strong>\u00a0en position horizontale ou verticale comme sur\u00a0<strong>tuyaux souples \u00d832\/38 mm<\/strong>.<\/p>\n","protected":false},"excerpt":{"rendered":"<p>Vous souhaitez b\u00e9n\u00e9ficier d&rsquo;un traitement de l&rsquo;eau plus confortable et \u00e9cologique pour votre piscine\u00a0? Vous recherchez tant l&rsquo;efficacit\u00e9 que la facilit\u00e9 d&rsquo;installation et d&rsquo;utilisation\u00a0? Alors voici ce qu&rsquo;il vous faut\u00a0: l&rsquo;\u00e9lectrolyseur au sel SSC Nano by Emaux. L&rsquo;\u00e9lectrolyseur SSC Nano, disponible en plusieurs mod\u00e8les \u00e9conomiques, s&rsquo;adapte aux\u00a0piscines priv\u00e9es enterr\u00e9es et hors sol jusqu&rsquo;\u00e0 50 m3. [&hellip;]<\/p>\n","protected":false},"featured_media":199,"comment_status":"open","ping_status":"closed","template":"","meta":[],"product_brand":[],"product_cat":[86,85],"product_tag":[],"class_list":{"0":"post-198","1":"product","2":"type-product","3":"status-publish","4":"has-post-thumbnail","6":"product_cat-electrolyseur-sel","7":"product_cat-entretien","9":"first","10":"instock","11":"shipping-taxable","12":"purchasable","13":"product-type-simple"},"yoast_head":"<!-- This site is optimized with the Yoast SEO plugin v26.1.1 - https:\/\/yoast.com\/wordpress\/plugins\/seo\/ -->\n<title>\u00c9lectrolyseur au sel SSC Nano by Emaux - safari-piscine<\/title>\n<meta name=\"robots\" content=\"index, follow, max-snippet:-1, max-image-preview:large, max-video-preview:-1\" \/>\n<link rel=\"canonical\" href=\"https:\/\/safari-piscine.fr\/?product=electrolyseur-au-sel-ssc-nano-by-emaux\" \/>\n<meta property=\"og:locale\" content=\"fr_FR\" \/>\n<meta property=\"og:type\" content=\"article\" \/>\n<meta property=\"og:title\" content=\"\u00c9lectrolyseur au sel SSC Nano by Emaux - safari-piscine\" \/>\n<meta property=\"og:description\" content=\"Vous souhaitez b\u00e9n\u00e9ficier d&rsquo;un traitement de l&rsquo;eau plus confortable et \u00e9cologique pour votre piscine\u00a0? Vous recherchez tant l&rsquo;efficacit\u00e9 que la facilit\u00e9 d&rsquo;installation et d&rsquo;utilisation\u00a0? Alors voici ce qu&rsquo;il vous faut\u00a0: l&rsquo;\u00e9lectrolyseur au sel SSC Nano by Emaux. L&rsquo;\u00e9lectrolyseur SSC Nano, disponible en plusieurs mod\u00e8les \u00e9conomiques, s&rsquo;adapte aux\u00a0piscines priv\u00e9es enterr\u00e9es et hors sol jusqu&rsquo;\u00e0 50 m3. [&hellip;]\" \/>\n<meta property=\"og:url\" content=\"https:\/\/safari-piscine.fr\/?product=electrolyseur-au-sel-ssc-nano-by-emaux\" \/>\n<meta property=\"og:site_name\" content=\"safari-piscine\" \/>\n<meta property=\"og:image\" content=\"https:\/\/safari-piscine.fr\/wp-content\/uploads\/2025\/04\/electrolyseur-test.jpg\" \/>\n\t<meta property=\"og:image:width\" content=\"415\" \/>\n\t<meta property=\"og:image:height\" content=\"415\" \/>\n\t<meta property=\"og:image:type\" content=\"image\/jpeg\" \/>\n<meta name=\"twitter:card\" content=\"summary_large_image\" \/>\n<meta name=\"twitter:label1\" content=\"Dur\u00e9e de lecture estim\u00e9e\" \/>\n\t<meta name=\"twitter:data1\" content=\"1 minute\" \/>\n<script type=\"application\/ld+json\" class=\"yoast-schema-graph\">{\"@context\":\"https:\/\/schema.org\",\"@graph\":[{\"@type\":\"WebPage\",\"@id\":\"https:\/\/safari-piscine.fr\/?product=electrolyseur-au-sel-ssc-nano-by-emaux\",\"url\":\"https:\/\/safari-piscine.fr\/?product=electrolyseur-au-sel-ssc-nano-by-emaux\",\"name\":\"\u00c9lectrolyseur au sel SSC Nano by Emaux - safari-piscine\",\"isPartOf\":{\"@id\":\"https:\/\/safari-piscine.fr\/#website\"},\"primaryImageOfPage\":{\"@id\":\"https:\/\/safari-piscine.fr\/?product=electrolyseur-au-sel-ssc-nano-by-emaux#primaryimage\"},\"image\":{\"@id\":\"https:\/\/safari-piscine.fr\/?product=electrolyseur-au-sel-ssc-nano-by-emaux#primaryimage\"},\"thumbnailUrl\":\"https:\/\/safari-piscine.fr\/wp-content\/uploads\/2025\/04\/electrolyseur-test.jpg\",\"datePublished\":\"2025-04-24T13:46:31+00:00\",\"breadcrumb\":{\"@id\":\"https:\/\/safari-piscine.fr\/?product=electrolyseur-au-sel-ssc-nano-by-emaux#breadcrumb\"},\"inLanguage\":\"fr-FR\",\"potentialAction\":[{\"@type\":\"ReadAction\",\"target\":[\"https:\/\/safari-piscine.fr\/?product=electrolyseur-au-sel-ssc-nano-by-emaux\"]}]},{\"@type\":\"ImageObject\",\"inLanguage\":\"fr-FR\",\"@id\":\"https:\/\/safari-piscine.fr\/?product=electrolyseur-au-sel-ssc-nano-by-emaux#primaryimage\",\"url\":\"https:\/\/safari-piscine.fr\/wp-content\/uploads\/2025\/04\/electrolyseur-test.jpg\",\"contentUrl\":\"https:\/\/safari-piscine.fr\/wp-content\/uploads\/2025\/04\/electrolyseur-test.jpg\",\"width\":415,\"height\":415},{\"@type\":\"BreadcrumbList\",\"@id\":\"https:\/\/safari-piscine.fr\/?product=electrolyseur-au-sel-ssc-nano-by-emaux#breadcrumb\",\"itemListElement\":[{\"@type\":\"ListItem\",\"position\":1,\"name\":\"Home\",\"item\":\"https:\/\/safari-piscine.fr\/\"},{\"@type\":\"ListItem\",\"position\":2,\"name\":\"Boutique\",\"item\":\"https:\/\/safari-piscine.fr\/?page_id=1011\"},{\"@type\":\"ListItem\",\"position\":3,\"name\":\"\u00c9lectrolyseur au sel SSC Nano by Emaux\"}]},{\"@type\":\"WebSite\",\"@id\":\"https:\/\/safari-piscine.fr\/#website\",\"url\":\"https:\/\/safari-piscine.fr\/\",\"name\":\"safari-piscine\",\"description\":\"\",\"publisher\":{\"@id\":\"https:\/\/safari-piscine.fr\/#organization\"},\"potentialAction\":[{\"@type\":\"SearchAction\",\"target\":{\"@type\":\"EntryPoint\",\"urlTemplate\":\"https:\/\/safari-piscine.fr\/?s={search_term_string}\"},\"query-input\":{\"@type\":\"PropertyValueSpecification\",\"valueRequired\":true,\"valueName\":\"search_term_string\"}}],\"inLanguage\":\"fr-FR\"},{\"@type\":\"Organization\",\"@id\":\"https:\/\/safari-piscine.fr\/#organization\",\"name\":\"safari-piscine\",\"url\":\"https:\/\/safari-piscine.fr\/\",\"logo\":{\"@type\":\"ImageObject\",\"inLanguage\":\"fr-FR\",\"@id\":\"https:\/\/safari-piscine.fr\/#\/schema\/logo\/image\/\",\"url\":\"https:\/\/safari-piscine.fr\/wp-content\/uploads\/2026\/03\/cropped-SAFARI-PISCINE.png\",\"contentUrl\":\"https:\/\/safari-piscine.fr\/wp-content\/uploads\/2026\/03\/cropped-SAFARI-PISCINE.png\",\"width\":1674,\"height\":480,\"caption\":\"safari-piscine\"},\"image\":{\"@id\":\"https:\/\/safari-piscine.fr\/#\/schema\/logo\/image\/\"}}]}<\/script>\n<!-- \/ Yoast SEO plugin. -->","yoast_head_json":{"title":"\u00c9lectrolyseur au sel SSC Nano by Emaux - safari-piscine","robots":{"index":"index","follow":"follow","max-snippet":"max-snippet:-1","max-image-preview":"max-image-preview:large","max-video-preview":"max-video-preview:-1"},"canonical":"https:\/\/safari-piscine.fr\/?product=electrolyseur-au-sel-ssc-nano-by-emaux","og_locale":"fr_FR","og_type":"article","og_title":"\u00c9lectrolyseur au sel SSC Nano by Emaux - safari-piscine","og_description":"Vous souhaitez b\u00e9n\u00e9ficier d&rsquo;un traitement de l&rsquo;eau plus confortable et \u00e9cologique pour votre piscine\u00a0? Vous recherchez tant l&rsquo;efficacit\u00e9 que la facilit\u00e9 d&rsquo;installation et d&rsquo;utilisation\u00a0? Alors voici ce qu&rsquo;il vous faut\u00a0: l&rsquo;\u00e9lectrolyseur au sel SSC Nano by Emaux. L&rsquo;\u00e9lectrolyseur SSC Nano, disponible en plusieurs mod\u00e8les \u00e9conomiques, s&rsquo;adapte aux\u00a0piscines priv\u00e9es enterr\u00e9es et hors sol jusqu&rsquo;\u00e0 50 m3. [&hellip;]","og_url":"https:\/\/safari-piscine.fr\/?product=electrolyseur-au-sel-ssc-nano-by-emaux","og_site_name":"safari-piscine","og_image":[{"width":415,"height":415,"url":"https:\/\/safari-piscine.fr\/wp-content\/uploads\/2025\/04\/electrolyseur-test.jpg","type":"image\/jpeg"}],"twitter_card":"summary_large_image","twitter_misc":{"Dur\u00e9e de lecture estim\u00e9e":"1 minute"},"schema":{"@context":"https:\/\/schema.org","@graph":[{"@type":"WebPage","@id":"https:\/\/safari-piscine.fr\/?product=electrolyseur-au-sel-ssc-nano-by-emaux","url":"https:\/\/safari-piscine.fr\/?product=electrolyseur-au-sel-ssc-nano-by-emaux","name":"\u00c9lectrolyseur au sel SSC Nano by Emaux - safari-piscine","isPartOf":{"@id":"https:\/\/safari-piscine.fr\/#website"},"primaryImageOfPage":{"@id":"https:\/\/safari-piscine.fr\/?product=electrolyseur-au-sel-ssc-nano-by-emaux#primaryimage"},"image":{"@id":"https:\/\/safari-piscine.fr\/?product=electrolyseur-au-sel-ssc-nano-by-emaux#primaryimage"},"thumbnailUrl":"https:\/\/safari-piscine.fr\/wp-content\/uploads\/2025\/04\/electrolyseur-test.jpg","datePublished":"2025-04-24T13:46:31+00:00","breadcrumb":{"@id":"https:\/\/safari-piscine.fr\/?product=electrolyseur-au-sel-ssc-nano-by-emaux#breadcrumb"},"inLanguage":"fr-FR","potentialAction":[{"@type":"ReadAction","target":["https:\/\/safari-piscine.fr\/?product=electrolyseur-au-sel-ssc-nano-by-emaux"]}]},{"@type":"ImageObject","inLanguage":"fr-FR","@id":"https:\/\/safari-piscine.fr\/?product=electrolyseur-au-sel-ssc-nano-by-emaux#primaryimage","url":"https:\/\/safari-piscine.fr\/wp-content\/uploads\/2025\/04\/electrolyseur-test.jpg","contentUrl":"https:\/\/safari-piscine.fr\/wp-content\/uploads\/2025\/04\/electrolyseur-test.jpg","width":415,"height":415},{"@type":"BreadcrumbList","@id":"https:\/\/safari-piscine.fr\/?product=electrolyseur-au-sel-ssc-nano-by-emaux#breadcrumb","itemListElement":[{"@type":"ListItem","position":1,"name":"Home","item":"https:\/\/safari-piscine.fr\/"},{"@type":"ListItem","position":2,"name":"Boutique","item":"https:\/\/safari-piscine.fr\/?page_id=1011"},{"@type":"ListItem","position":3,"name":"\u00c9lectrolyseur au sel SSC Nano by Emaux"}]},{"@type":"WebSite","@id":"https:\/\/safari-piscine.fr\/#website","url":"https:\/\/safari-piscine.fr\/","name":"safari-piscine","description":"","publisher":{"@id":"https:\/\/safari-piscine.fr\/#organization"},"potentialAction":[{"@type":"SearchAction","target":{"@type":"EntryPoint","urlTemplate":"https:\/\/safari-piscine.fr\/?s={search_term_string}"},"query-input":{"@type":"PropertyValueSpecification","valueRequired":true,"valueName":"search_term_string"}}],"inLanguage":"fr-FR"},{"@type":"Organization","@id":"https:\/\/safari-piscine.fr\/#organization","name":"safari-piscine","url":"https:\/\/safari-piscine.fr\/","logo":{"@type":"ImageObject","inLanguage":"fr-FR","@id":"https:\/\/safari-piscine.fr\/#\/schema\/logo\/image\/","url":"https:\/\/safari-piscine.fr\/wp-content\/uploads\/2026\/03\/cropped-SAFARI-PISCINE.png","contentUrl":"https:\/\/safari-piscine.fr\/wp-content\/uploads\/2026\/03\/cropped-SAFARI-PISCINE.png","width":1674,"height":480,"caption":"safari-piscine"},"image":{"@id":"https:\/\/safari-piscine.fr\/#\/schema\/logo\/image\/"}}]}},"_links":{"self":[{"href":"https:\/\/safari-piscine.fr\/index.php?rest_route=\/wp\/v2\/product\/198","targetHints":{"allow":["GET"]}}],"collection":[{"href":"https:\/\/safari-piscine.fr\/index.php?rest_route=\/wp\/v2\/product"}],"about":[{"href":"https:\/\/safari-piscine.fr\/index.php?rest_route=\/wp\/v2\/types\/product"}],"replies":[{"embeddable":true,"href":"https:\/\/safari-piscine.fr\/index.php?rest_route=%2Fwp%2Fv2%2Fcomments&post=198"}],"version-history":[{"count":1,"href":"https:\/\/safari-piscine.fr\/index.php?rest_route=\/wp\/v2\/product\/198\/revisions"}],"predecessor-version":[{"id":1469,"href":"https:\/\/safari-piscine.fr\/index.php?rest_route=\/wp\/v2\/product\/198\/revisions\/1469"}],"wp:featuredmedia":[{"embeddable":true,"href":"https:\/\/safari-piscine.fr\/index.php?rest_route=\/wp\/v2\/media\/199"}],"wp:attachment":[{"href":"https:\/\/safari-piscine.fr\/index.php?rest_route=%2Fwp%2Fv2%2Fmedia&parent=198"}],"wp:term":[{"taxonomy":"product_brand","embeddable":true,"href":"https:\/\/safari-piscine.fr\/index.php?rest_route=%2Fwp%2Fv2%2Fproduct_brand&post=198"},{"taxonomy":"product_cat","embeddable":true,"href":"https:\/\/safari-piscine.fr\/index.php?rest_route=%2Fwp%2Fv2%2Fproduct_cat&post=198"},{"taxonomy":"product_tag","embeddable":true,"href":"https:\/\/safari-piscine.fr\/index.php?rest_route=%2Fwp%2Fv2%2Fproduct_tag&post=198"}],"curies":[{"name":"wp","href":"https:\/\/api.w.org\/{rel}","templated":true}]}}