{"id":201,"date":"2025-04-24T13:49:07","date_gmt":"2025-04-24T13:49:07","guid":{"rendered":"https:\/\/safari-piscine.fr\/?post_type=product&#038;p=201"},"modified":"2025-04-24T13:49:08","modified_gmt":"2025-04-24T13:49:08","slug":"spa-6-places-rotomoule-jupiter-by-enso-spas","status":"publish","type":"product","link":"https:\/\/safari-piscine.fr\/?product=spa-6-places-rotomoule-jupiter-by-enso-spas","title":{"rendered":"Spa 6 places rotomoul\u00e9 Jupiter by Enso Spas"},"content":{"rendered":"<p>Prenez place au sein du\u00a0<strong>spa 6 places Jupiter by Enso Spas<\/strong>\u00a0et d\u00e9tendez-vous sous l&rsquo;action de ses puissants jets de massage. Usage toute l&rsquo;ann\u00e9e en int\u00e9rieur ou en ext\u00e9rieur.<\/p>\n<p>Ce spa 6 places rotomoul\u00e9 est con\u00e7u d&rsquo;un seul bloc\u00a0<strong>solide en poly\u00e9thyl\u00e8ne<\/strong>\u00a0le rendant \u00e0 la fois robuste,\u00a0<strong>l\u00e9ger<\/strong>\u00a0(donc facile \u00e0 transporter) et\u00a0<strong>facile \u00e0 entretenir<\/strong>. Simple d&rsquo;installation, d\u00e9posez le spa 6 places Jupiter sur une surface de niveau, remplissez-le et profitez&#8230;<\/p>\n<p>C\u00f4t\u00e9 chauffage, le spa rotomoul\u00e9 Jupiter est dot\u00e9 d&rsquo;un syst\u00e8me innovant par frictions permettant de cr\u00e9er autant de chaleur en sollicitant moins le r\u00e9chauffeur de 2 kW. Pour vous c&rsquo;est\u00a0<strong>5% de consommation en moins<\/strong>. De plus, ce bain \u00e0 remous 6 places dispose d&rsquo;une\u00a0<strong>couche r\u00e9fl\u00e9chissante ultra-performante<\/strong>\u00a0pour l&rsquo;isolation.\u00a0<strong>COUVERTURE ISOLANTE OFFERTE\u00a0!<\/strong><\/p>\n","protected":false},"excerpt":{"rendered":"<p>Prenez place au sein du\u00a0spa 6 places Jupiter by Enso Spas\u00a0et d\u00e9tendez-vous sous l&rsquo;action de ses puissants jets de massage. Usage toute l&rsquo;ann\u00e9e en int\u00e9rieur ou en ext\u00e9rieur. Ce spa 6 places rotomoul\u00e9 est con\u00e7u d&rsquo;un seul bloc\u00a0solide en poly\u00e9thyl\u00e8ne\u00a0le rendant \u00e0 la fois robuste,\u00a0l\u00e9ger\u00a0(donc facile \u00e0 transporter) et\u00a0facile \u00e0 entretenir. Simple d&rsquo;installation, d\u00e9posez le [&hellip;]<\/p>\n","protected":false},"featured_media":200,"comment_status":"open","ping_status":"closed","template":"","meta":[],"product_brand":[],"product_cat":[95,96],"product_tag":[],"class_list":{"0":"post-201","1":"product","2":"type-product","3":"status-publish","4":"has-post-thumbnail","6":"product_cat-bien-etre","7":"product_cat-spa","9":"first","10":"instock","11":"sale","12":"shipping-taxable","13":"purchasable","14":"product-type-simple"},"yoast_head":"<!-- This site is optimized with the Yoast SEO plugin v26.1.1 - https:\/\/yoast.com\/wordpress\/plugins\/seo\/ -->\n<title>Spa 6 places rotomoul\u00e9 Jupiter by Enso Spas - safari-piscine<\/title>\n<meta name=\"robots\" content=\"index, follow, max-snippet:-1, max-image-preview:large, max-video-preview:-1\" \/>\n<link rel=\"canonical\" href=\"https:\/\/safari-piscine.fr\/?product=spa-6-places-rotomoule-jupiter-by-enso-spas\" \/>\n<meta property=\"og:locale\" content=\"fr_FR\" \/>\n<meta property=\"og:type\" content=\"article\" \/>\n<meta property=\"og:title\" content=\"Spa 6 places rotomoul\u00e9 Jupiter by Enso Spas - safari-piscine\" \/>\n<meta property=\"og:description\" content=\"Prenez place au sein du\u00a0spa 6 places Jupiter by Enso Spas\u00a0et d\u00e9tendez-vous sous l&rsquo;action de ses puissants jets de massage. Usage toute l&rsquo;ann\u00e9e en int\u00e9rieur ou en ext\u00e9rieur. Ce spa 6 places rotomoul\u00e9 est con\u00e7u d&rsquo;un seul bloc\u00a0solide en poly\u00e9thyl\u00e8ne\u00a0le rendant \u00e0 la fois robuste,\u00a0l\u00e9ger\u00a0(donc facile \u00e0 transporter) et\u00a0facile \u00e0 entretenir. Simple d&rsquo;installation, d\u00e9posez le [&hellip;]\" \/>\n<meta property=\"og:url\" content=\"https:\/\/safari-piscine.fr\/?product=spa-6-places-rotomoule-jupiter-by-enso-spas\" \/>\n<meta property=\"og:site_name\" content=\"safari-piscine\" \/>\n<meta property=\"article:modified_time\" content=\"2025-04-24T13:49:08+00:00\" \/>\n<meta property=\"og:image\" content=\"https:\/\/safari-piscine.fr\/wp-content\/uploads\/2025\/04\/spa-test-1.jpg\" \/>\n\t<meta property=\"og:image:width\" content=\"800\" \/>\n\t<meta property=\"og:image:height\" content=\"600\" \/>\n\t<meta property=\"og:image:type\" content=\"image\/jpeg\" \/>\n<meta name=\"twitter:card\" content=\"summary_large_image\" \/>\n<meta name=\"twitter:label1\" content=\"Dur\u00e9e de lecture estim\u00e9e\" \/>\n\t<meta name=\"twitter:data1\" content=\"1 minute\" \/>\n<script type=\"application\/ld+json\" class=\"yoast-schema-graph\">{\"@context\":\"https:\/\/schema.org\",\"@graph\":[{\"@type\":\"WebPage\",\"@id\":\"https:\/\/safari-piscine.fr\/?product=spa-6-places-rotomoule-jupiter-by-enso-spas\",\"url\":\"https:\/\/safari-piscine.fr\/?product=spa-6-places-rotomoule-jupiter-by-enso-spas\",\"name\":\"Spa 6 places rotomoul\u00e9 Jupiter by Enso Spas - safari-piscine\",\"isPartOf\":{\"@id\":\"https:\/\/safari-piscine.fr\/#website\"},\"primaryImageOfPage\":{\"@id\":\"https:\/\/safari-piscine.fr\/?product=spa-6-places-rotomoule-jupiter-by-enso-spas#primaryimage\"},\"image\":{\"@id\":\"https:\/\/safari-piscine.fr\/?product=spa-6-places-rotomoule-jupiter-by-enso-spas#primaryimage\"},\"thumbnailUrl\":\"https:\/\/safari-piscine.fr\/wp-content\/uploads\/2025\/04\/spa-test-1.jpg\",\"datePublished\":\"2025-04-24T13:49:07+00:00\",\"dateModified\":\"2025-04-24T13:49:08+00:00\",\"breadcrumb\":{\"@id\":\"https:\/\/safari-piscine.fr\/?product=spa-6-places-rotomoule-jupiter-by-enso-spas#breadcrumb\"},\"inLanguage\":\"fr-FR\",\"potentialAction\":[{\"@type\":\"ReadAction\",\"target\":[\"https:\/\/safari-piscine.fr\/?product=spa-6-places-rotomoule-jupiter-by-enso-spas\"]}]},{\"@type\":\"ImageObject\",\"inLanguage\":\"fr-FR\",\"@id\":\"https:\/\/safari-piscine.fr\/?product=spa-6-places-rotomoule-jupiter-by-enso-spas#primaryimage\",\"url\":\"https:\/\/safari-piscine.fr\/wp-content\/uploads\/2025\/04\/spa-test-1.jpg\",\"contentUrl\":\"https:\/\/safari-piscine.fr\/wp-content\/uploads\/2025\/04\/spa-test-1.jpg\",\"width\":800,\"height\":600},{\"@type\":\"BreadcrumbList\",\"@id\":\"https:\/\/safari-piscine.fr\/?product=spa-6-places-rotomoule-jupiter-by-enso-spas#breadcrumb\",\"itemListElement\":[{\"@type\":\"ListItem\",\"position\":1,\"name\":\"Home\",\"item\":\"https:\/\/safari-piscine.fr\/\"},{\"@type\":\"ListItem\",\"position\":2,\"name\":\"Boutique\",\"item\":\"https:\/\/safari-piscine.fr\/?page_id=1011\"},{\"@type\":\"ListItem\",\"position\":3,\"name\":\"Spa 6 places rotomoul\u00e9 Jupiter by Enso Spas\"}]},{\"@type\":\"WebSite\",\"@id\":\"https:\/\/safari-piscine.fr\/#website\",\"url\":\"https:\/\/safari-piscine.fr\/\",\"name\":\"safari-piscine\",\"description\":\"\",\"publisher\":{\"@id\":\"https:\/\/safari-piscine.fr\/#organization\"},\"potentialAction\":[{\"@type\":\"SearchAction\",\"target\":{\"@type\":\"EntryPoint\",\"urlTemplate\":\"https:\/\/safari-piscine.fr\/?s={search_term_string}\"},\"query-input\":{\"@type\":\"PropertyValueSpecification\",\"valueRequired\":true,\"valueName\":\"search_term_string\"}}],\"inLanguage\":\"fr-FR\"},{\"@type\":\"Organization\",\"@id\":\"https:\/\/safari-piscine.fr\/#organization\",\"name\":\"safari-piscine\",\"url\":\"https:\/\/safari-piscine.fr\/\",\"logo\":{\"@type\":\"ImageObject\",\"inLanguage\":\"fr-FR\",\"@id\":\"https:\/\/safari-piscine.fr\/#\/schema\/logo\/image\/\",\"url\":\"https:\/\/safari-piscine.fr\/wp-content\/uploads\/2026\/03\/cropped-SAFARI-PISCINE.png\",\"contentUrl\":\"https:\/\/safari-piscine.fr\/wp-content\/uploads\/2026\/03\/cropped-SAFARI-PISCINE.png\",\"width\":1674,\"height\":480,\"caption\":\"safari-piscine\"},\"image\":{\"@id\":\"https:\/\/safari-piscine.fr\/#\/schema\/logo\/image\/\"}}]}<\/script>\n<!-- \/ Yoast SEO plugin. -->","yoast_head_json":{"title":"Spa 6 places rotomoul\u00e9 Jupiter by Enso Spas - safari-piscine","robots":{"index":"index","follow":"follow","max-snippet":"max-snippet:-1","max-image-preview":"max-image-preview:large","max-video-preview":"max-video-preview:-1"},"canonical":"https:\/\/safari-piscine.fr\/?product=spa-6-places-rotomoule-jupiter-by-enso-spas","og_locale":"fr_FR","og_type":"article","og_title":"Spa 6 places rotomoul\u00e9 Jupiter by Enso Spas - safari-piscine","og_description":"Prenez place au sein du\u00a0spa 6 places Jupiter by Enso Spas\u00a0et d\u00e9tendez-vous sous l&rsquo;action de ses puissants jets de massage. Usage toute l&rsquo;ann\u00e9e en int\u00e9rieur ou en ext\u00e9rieur. Ce spa 6 places rotomoul\u00e9 est con\u00e7u d&rsquo;un seul bloc\u00a0solide en poly\u00e9thyl\u00e8ne\u00a0le rendant \u00e0 la fois robuste,\u00a0l\u00e9ger\u00a0(donc facile \u00e0 transporter) et\u00a0facile \u00e0 entretenir. Simple d&rsquo;installation, d\u00e9posez le [&hellip;]","og_url":"https:\/\/safari-piscine.fr\/?product=spa-6-places-rotomoule-jupiter-by-enso-spas","og_site_name":"safari-piscine","article_modified_time":"2025-04-24T13:49:08+00:00","og_image":[{"width":800,"height":600,"url":"https:\/\/safari-piscine.fr\/wp-content\/uploads\/2025\/04\/spa-test-1.jpg","type":"image\/jpeg"}],"twitter_card":"summary_large_image","twitter_misc":{"Dur\u00e9e de lecture estim\u00e9e":"1 minute"},"schema":{"@context":"https:\/\/schema.org","@graph":[{"@type":"WebPage","@id":"https:\/\/safari-piscine.fr\/?product=spa-6-places-rotomoule-jupiter-by-enso-spas","url":"https:\/\/safari-piscine.fr\/?product=spa-6-places-rotomoule-jupiter-by-enso-spas","name":"Spa 6 places rotomoul\u00e9 Jupiter by Enso Spas - safari-piscine","isPartOf":{"@id":"https:\/\/safari-piscine.fr\/#website"},"primaryImageOfPage":{"@id":"https:\/\/safari-piscine.fr\/?product=spa-6-places-rotomoule-jupiter-by-enso-spas#primaryimage"},"image":{"@id":"https:\/\/safari-piscine.fr\/?product=spa-6-places-rotomoule-jupiter-by-enso-spas#primaryimage"},"thumbnailUrl":"https:\/\/safari-piscine.fr\/wp-content\/uploads\/2025\/04\/spa-test-1.jpg","datePublished":"2025-04-24T13:49:07+00:00","dateModified":"2025-04-24T13:49:08+00:00","breadcrumb":{"@id":"https:\/\/safari-piscine.fr\/?product=spa-6-places-rotomoule-jupiter-by-enso-spas#breadcrumb"},"inLanguage":"fr-FR","potentialAction":[{"@type":"ReadAction","target":["https:\/\/safari-piscine.fr\/?product=spa-6-places-rotomoule-jupiter-by-enso-spas"]}]},{"@type":"ImageObject","inLanguage":"fr-FR","@id":"https:\/\/safari-piscine.fr\/?product=spa-6-places-rotomoule-jupiter-by-enso-spas#primaryimage","url":"https:\/\/safari-piscine.fr\/wp-content\/uploads\/2025\/04\/spa-test-1.jpg","contentUrl":"https:\/\/safari-piscine.fr\/wp-content\/uploads\/2025\/04\/spa-test-1.jpg","width":800,"height":600},{"@type":"BreadcrumbList","@id":"https:\/\/safari-piscine.fr\/?product=spa-6-places-rotomoule-jupiter-by-enso-spas#breadcrumb","itemListElement":[{"@type":"ListItem","position":1,"name":"Home","item":"https:\/\/safari-piscine.fr\/"},{"@type":"ListItem","position":2,"name":"Boutique","item":"https:\/\/safari-piscine.fr\/?page_id=1011"},{"@type":"ListItem","position":3,"name":"Spa 6 places rotomoul\u00e9 Jupiter by Enso Spas"}]},{"@type":"WebSite","@id":"https:\/\/safari-piscine.fr\/#website","url":"https:\/\/safari-piscine.fr\/","name":"safari-piscine","description":"","publisher":{"@id":"https:\/\/safari-piscine.fr\/#organization"},"potentialAction":[{"@type":"SearchAction","target":{"@type":"EntryPoint","urlTemplate":"https:\/\/safari-piscine.fr\/?s={search_term_string}"},"query-input":{"@type":"PropertyValueSpecification","valueRequired":true,"valueName":"search_term_string"}}],"inLanguage":"fr-FR"},{"@type":"Organization","@id":"https:\/\/safari-piscine.fr\/#organization","name":"safari-piscine","url":"https:\/\/safari-piscine.fr\/","logo":{"@type":"ImageObject","inLanguage":"fr-FR","@id":"https:\/\/safari-piscine.fr\/#\/schema\/logo\/image\/","url":"https:\/\/safari-piscine.fr\/wp-content\/uploads\/2026\/03\/cropped-SAFARI-PISCINE.png","contentUrl":"https:\/\/safari-piscine.fr\/wp-content\/uploads\/2026\/03\/cropped-SAFARI-PISCINE.png","width":1674,"height":480,"caption":"safari-piscine"},"image":{"@id":"https:\/\/safari-piscine.fr\/#\/schema\/logo\/image\/"}}]}},"_links":{"self":[{"href":"https:\/\/safari-piscine.fr\/index.php?rest_route=\/wp\/v2\/product\/201","targetHints":{"allow":["GET"]}}],"collection":[{"href":"https:\/\/safari-piscine.fr\/index.php?rest_route=\/wp\/v2\/product"}],"about":[{"href":"https:\/\/safari-piscine.fr\/index.php?rest_route=\/wp\/v2\/types\/product"}],"replies":[{"embeddable":true,"href":"https:\/\/safari-piscine.fr\/index.php?rest_route=%2Fwp%2Fv2%2Fcomments&post=201"}],"version-history":[{"count":0,"href":"https:\/\/safari-piscine.fr\/index.php?rest_route=\/wp\/v2\/product\/201\/revisions"}],"wp:featuredmedia":[{"embeddable":true,"href":"https:\/\/safari-piscine.fr\/index.php?rest_route=\/wp\/v2\/media\/200"}],"wp:attachment":[{"href":"https:\/\/safari-piscine.fr\/index.php?rest_route=%2Fwp%2Fv2%2Fmedia&parent=201"}],"wp:term":[{"taxonomy":"product_brand","embeddable":true,"href":"https:\/\/safari-piscine.fr\/index.php?rest_route=%2Fwp%2Fv2%2Fproduct_brand&post=201"},{"taxonomy":"product_cat","embeddable":true,"href":"https:\/\/safari-piscine.fr\/index.php?rest_route=%2Fwp%2Fv2%2Fproduct_cat&post=201"},{"taxonomy":"product_tag","embeddable":true,"href":"https:\/\/safari-piscine.fr\/index.php?rest_route=%2Fwp%2Fv2%2Fproduct_tag&post=201"}],"curies":[{"name":"wp","href":"https:\/\/api.w.org\/{rel}","templated":true}]}}